{"id":1446,"date":"2019-03-16T00:04:28","date_gmt":"2019-03-16T00:04:28","guid":{"rendered":"https:\/\/wsm.prolerat.org\/?page_id=1446"},"modified":"2019-03-16T00:04:28","modified_gmt":"2019-03-16T00:04:28","slug":"dlaczego-system-zyskow-musi-odejsc","status":"publish","type":"page","link":"https:\/\/www.worldsocialism.org\/wsm\/dlaczego-system-zyskow-musi-odejsc\/","title":{"rendered":"Dlaczego system zysk\u00f3w musi odej\u015b\u0107?"},"content":{"rendered":"\n<p>Rzeczy nie s\u0105 dzi\u015b produkowane, by zaspokoi\u0107 ludzkie\n      potrzeby. S\u0105 one produkowane dla zysku. I to jest problem,\n      kt\u00f3ry przed nami stoi.<\/p>\n\n\n\n<p>W systemie zysku doch\u00f3d zawsze b\u0119dzie mia\u0142 pierwsz\u0144stwo\n      przed zapewnieniem podstawowych us\u0142ug, (jak opieka zdrowotna,\n      transport, poprawa warunk\u00f3w pracy) czy przed ochron\u0105\n      \u015brodowiska. R\u00f3wnocze\u015bnie stwarza on klimat &#8220;dorobkiewiczostwa&#8221;,\n      gdzie rywalizacja w robieniu pieni\u0119dzy bierze g\u00f3r\u0119 nad\n      wsp\u00f3\u0142prac\u0105 i idea\u0142ami wsp\u00f3lnoty. Wszystko sprowadza si\u0119 i jest\n      pomniejszone do jego warto\u015bci pieni\u0119\u017cnej i ludzie oceniani s\u0105\n      nie wed\u0142ug tego co robi\u0105, ale ile maj\u0105 maj\u0105tku.<\/p>\n\n\n\n<p>Sp\u00f3jrz na tego wyniki. Opieka zdrowotna pogarsza si\u0119. System\n      transportowy jest w rozsy- pce. Szko\u0142y staj\u0105 si\u0119 jedynie\n      &#8220;przechowalni\u0105&#8221; m\u0142odzie\u017cy przed bezrobociem i miejscem\n      indoktrynacji. Zanieczyszczenie \u015brodowiska zwi\u0119ksza si\u0119. Biedni\n      staj\u0105 si\u0119 jeszcze biedniejszymi. \u0179ebranie i bezdomno\u015b\u0107 wzrasta.\n      Nasila si\u0119 przest\u0119pczo\u015b\u0107, odradza si\u0119 rasizm i nacjonalizm.\n      Kultura &#8220;biznesu &#8220;\u015bwi\u0119ci triumfy, z &#8220;si\u0142ami rynku&#8221;,\n      &#8220;wsp\u00f3\u0142zawodnictwem&#8221; i &#8220;zyskiem&#8221;jako s\u0142owami-wytrychami. \u0179ycie\n      staje si\u0119 coraz bardziej skomercjalizowane i puste. Ludzie\n      staj\u0105 si\u0119 odizolowani od innych, z wzrastaj\u0105cymi alkoholizmem,\n      narkomani\u0105 i chorobami nerwowymi jako skutkiem. Spada komfort i\n      stopa \u017cyciowa.<\/p>\n\n\n\n<p>W systemie zysku produkcja d\u00f3br jest r\u00f3wnie\u017c zwi\u0105zana z\n      zyskiem. Szukaj\u0105c korzy\u015bci, wszyscy konkuruj\u0105, by zwi\u0119kszy\u0107\n      ilo\u015b\u0107 zainwestowanych pieni\u0119dzy. Decyzje o tym, co, gdzie i jak\n      produkowa\u0107 i w jakiej ilo\u015bci, s\u0105 podejmowane nie w odpowiedzi\n      na ludzkie potrzeby, ale w odpowiedzi na si\u0142y rynku.<\/p>\n\n\n\n<p>Dla biznesmen\u00f3w, zysk jest r\u00f3\u017cnic\u0105 mi\u0119dzy cen\u0105 sprzeda\u017cy i\n      kosztem produkcji. Si\u0142y rynkowe dzia\u0142aj\u0105 na obie. Przez\n      konkurencj\u0119 mi\u0119dzy r\u00f3\u017cnymi firmami, zmuszaj\u0105 si\u0119 one do\n      zwi\u0119kszenia sprzeda\u017cy i zmniejszenia jej koszt\u00f3w. Obie warto\u015bci\n      maj\u0105 powa\u017cny wp\u0142yw na spos\u00f3b w jaki \u017cyjemy.<\/p>\n\n\n\n<p>Zwi\u0119kszenie sprzeda\u017cy obraca spo\u0142ecze\u0144stwo w jeden wielki\n      rynek. Reklamy, szwindle dla nabrania nieostro\u017cnych, sprzeda\u017c\n      od drzwi do drzwi systematycznie wzrastaj\u0105 wraz ze zwi\u0119kszeniem\n      si\u0119 ilo\u015bci towar\u00f3w w sklepach. Z pocz\u0105tku radio by\u0142o wolne od\n      reklam, potem kolej przysz\u0142a na telewizj\u0119. Wszystko to s\u0105\n      przejawy komercjalizacji i degradacji naszego \u017cycia.<\/p>\n\n\n\n<p>Zmniejszenie koszt\u00f3w produkcji dla zwi\u0119kszenia zysku ma\n      r\u00f3wnie\u017c szkodliwe konsekwencje. Gdy firma ma do wyboru mi\u0119dzy\n      dwoma materia\u0142ami lub dwiema metodami produkcji, jedna ta\u0144sza,\n      a druga bezpieczniejsza i mniej niszcz\u0105ca \u015brodowisko, wybierze\n      ona pierwsz\u0105. W drugim przypadku koszt produkcji b\u0119dzie wy\u017cszy\n      i firma straci w rywalizacji z konkurencj\u0105. Zysk b\u0119dzie\n      mniejszy i ryzyko bankructwa zwi\u0119kszy si\u0119. Zdrowie i us\u0142ugi\n      socjalne &#8220;si\u0142y roboczej&#8221;oraz efekt na ekologi\u0119 zajmuj\u0105 drugie\n      miejsce. Oto co znaczy zmniejszenie koszt\u00f3w produkcji. Oto\n      dlaczego cierpimy w pracy na przyspieszenie tempa czynno\u015bci,\n      stresy, monotonno\u015b\u0107, wypadki, choroby zawodowe, przem\u0119czenie.\n      Oto dlaczego jeste\u015bmy zmuszeni pracowa\u0107 d\u0142ugie godziny, na\n      zmiany, noc\u0105. Oto dlaczego jedzenie, woda do picia i powietrze,\n      kt\u00f3re wdychamy jest zatrute. Oto dlaczego nieodnawialne zasoby\n      ziemi i \u017ar\u00f3d\u0142a energii s\u0105 rabunkowo eksploatowane. Oto dlaczego\n      naturalna r\u00f3wnowaga jest naruszona i \u015brodowisko zniszczone.<\/p>\n\n\n\n<p>System zysk\u00f3w nap\u0119dza t\u0119 maszyneri\u0119. Tylko w ten spos\u00f3b mo\u017ce\n      ona dzia\u0142a\u0107. Dlatego system ten musi by\u0107 zniesiony.<\/p>\n\n\n\n<p>Wszyscy politycy m\u00f3wi\u0105 Ci, \u017ce maj\u0105 odpowiedzi na ka\u017cde\n      pytanie. Lecz ich odpowiedzi nie rozwi\u0105zuj\u0105 problem\u00f3w, kt\u00f3re\n      napotyka spo\u0142ecze\u0144stwo. Po dziesi\u0119cioleciach b\u0142yskotliwych\n      odpowiedzi polityk\u00f3w, spo\u0142ecze\u0144stwo w kt\u00f3rym \u017cyjemy nadal jest\n      w ba\u0142aganie, z olbrzymim ub\u00f3stwem, brakiem bezpiecze\u0144stwa i\n      zniszczenia ekologicznego, stale pogarszaj\u0105cym si\u0119 a nie\n      polepszaj\u0105cym.<\/p>\n\n\n\n<p>Socjali\u015bci m\u00f3wi\u0105, \u017ce odpowiedzi polityk\u00f3w s\u0105 bezwarto\u015bciowe.\n      Prawdopodobnie odpowiadaj\u0105 oni na z\u0142e pytania. Zamiast\n      zostawia\u0107 je dla polityk\u00f3w, dlaczego by nie zada\u0107 sobie kilku\n      pyta\u0144?<\/p>\n\n\n\n<p>Czy \u017cyjesz w spo\u0142ecze\u0144stwie, kt\u00f3re przedk\u0142ada Twoje\n      potrzeby, i milion\u00f3w podobnych do Ciebie, nad zyskami\n      nielicznych?<\/p>\n\n\n\n<p>Czy \u017cyjemy w spo\u0142ecze\u0144stwie, gdzie robienie pieni\u0119dzy dla\n      du\u017cego biznesu jest wa\u017cniejsze ni\u017c czynienie godniejszego \u017cycia\n      dla olbrzymiej wi\u0119kszo\u015bci z nas?<\/p>\n\n\n\n<p>Co kapitalizm bardziej ceni, szpitale czy banki?<\/p>\n\n\n\n<p>Maj\u0105c do wyboru pomi\u0119dzy czystrzym \u015brodowiskiem dla\n      robotnik\u00f3w a szybszym nabijaniem sobie kabzy z zanieczyszczenia\n      przyrody, jak my\u015blisz,kt\u00f3re z tych rozwi\u0105za\u0144 podejm\u0105\n      rz\u0105dz\u0105cy?<\/p>\n\n\n\n<p>Ka\u017cda partia polityczna chc\u0105ca dorwa\u0107 si\u0119 do w\u0142adzy aby\n      zarz\u0105dza\u0107 pieni\u0119dzmi, przedk\u0142ada zyski nad potrzeby. To jest\n      jedyny spos\u00f3b rz\u0105dzenia tym systemem.<\/p>\n\n\n\n<p>Politycy m\u00f3wi\u0105 Ci, \u017ce prowadz\u0105 sprawy dla naszego dobra,\n      lecz obecny system mo\u017ce by\u0107 tylko wiedziony dla korzy\u015bci tej\n      mniejszo\u015bci, kt\u00f3ra posiada i kontroluje \u015brodki produkcji i\n      dystrybucji d\u00f3br i us\u0142ug.<\/p>\n\n\n\n<p>A co z nami &#8211; ile w\u0142adzy posiadamy w systemie zysk\u00f3w?<\/p>\n\n\n\n<p>Zadaj sobie kilka nast\u0119pnych pyta\u0144.<\/p>\n\n\n\n<p>Je\u015bli zdecydujesz si\u0119 zrezygnowa\u0107 z pracy (zak\u0142adaj\u0105c \u017ce j\u0105\n      masz) i \u017cy\u0107 bez sprzedawania siebie jako niewolnika zarobk\u00f3w\n      dla swojego bossa, to jak d\u0142ugo mo\u017cesz przetrwa\u0107 na swoich\n      oszcz\u0119dno\u015bciach?<\/p>\n\n\n\n<p>Je\u015bli Ty (albo Tw\u00f3j bliski krewny) potrzebujecie dobrej,\n      natychmiastowej pomocy medycznej, to jak d\u0142ugo b\u0119dziesz musia\u0142\n      czeka\u0107 w por\u00f3wnaniu z pierwszym lepszym milionerem?<\/p>\n\n\n\n<p>Kto ma wi\u0119cej kontroli nad swym \u017cyciem, czy osiemnastoletni\n      maturzysta, dziedzicz\u0105cy miliony &#8211; czy ci\u0119\u017cko pracuj\u0105ca\n      piel\u0119gniarka, rolnik, stra\u017cak albo pracownicy fabryk i\n      biur?<\/p>\n\n\n\n<p>Nawet je\u015bli masz par\u0119 groszy w banku samoch\u00f3d, video, wczasy\n      nad morzem, to czy nie jest prawd\u0105, \u017ce Twoje \u017cycie staje si\u0119\n      coraz bardziej uci\u0105\u017cliwe, ze wzrastaj\u0105c\u0105 przest\u0119pczo\u015bci\u0105 na\n      ulicach, epidemiami choroby alkoholowej i uzale\u017cnienia od\n      lek\u00f3w, z ot\u0119piaj\u0105c\u0105 propagand\u0105 \u015brodk\u00f3w masowego przekazu,\n      niscz\u0105c\u0105 jako\u015b\u0107 codziennego \u017cycia?<\/p>\n\n\n\n<p>Kapitalizm mo\u017ce by\u0107 prowadzony drog\u0105 ucisku wi\u0119kszo\u015bci\n      spo\u0142ecze\u0144stwa, robotnik\u00f3w, kt\u00f3rzy produkuj\u0105 wszystkie dobra i\n      us\u0142ugi, jako obywateli drugiej kategorii. Dlatego te\u017c wi\u0119kszo\u015b\u0107\n      ludzi wie, \u017ce \u017cyje w klasowo podzielonym spo\u0142ecze\u0144stwie.<\/p>\n\n\n\n<p>Politycy s\u0105 po to, by reprezentowa\u0107 ma\u0142\u0105 grup\u0119 (mniej ni\u017c 5%\n      spo\u0142ecze\u0144stwa), kt\u00f3ra posiada i kontroluje dobra handlowe.\n      Prosz\u0105 Ci\u0119 oni \u017ceby\u015b na nich g\u0142osowa\u0142, po to, aby posiadaj\u0105ca\n      mniejszo\u015b\u0107 mog\u0142a pozostawa\u0107 przy w\u0142adzy.<\/p>\n\n\n\n<p>Ale czy cokolwiek innego mo\u017ce dzia\u0142a\u0107 lepiej?<\/p>\n\n\n\n<p>Spr\u00f3buj zada\u015b jeszcze wi\u0119cej pyta\u0144.<\/p>\n\n\n\n<p>Czy wola\u0142by\u015b \u017cy\u0107 w spo\u0142ecze\u0144stwie, gdzie produkcja by\u0142aby\n      wy\u0142\u0105cznie dla u\u017cytku, a nie na sprzeda\u017c na rynku dla\n      osi\u0105gni\u0119cia zysk\u00f3w?<\/p>\n\n\n\n<p>Je\u015bli by\u015b wiedzia\u0142, \u017ce ka\u017cdy inny cz\u0142owiek by\u0142by got\u00f3w\n      pracowa\u0107 dla wsp\u00f3lnego dobra, to czy wola\u0142by\u015b raczej\n      wsp\u00f3\u0142pracowa\u0107 z nimi zgodnie ze swymi zdolno\u015bciami &#8211; czy te\u017c\n      pozostawa\u0107 wci\u0105\u017c niewolnikiem zarobk\u00f3w?<\/p>\n\n\n\n<p>Je\u015bliby obfite zasoby tej planety zosta\u0142y wyzwolone z\n      ograniczaj\u0105cych p\u0119t rynku i zosta\u0142yby u\u017cyte dla zaspokojenia\n      potrzeb ka\u017cdego, to czy nadal by\u0142yby g\u0142oduj\u0105ce dzieci w cieniu\n      g\u00f3r \u017cywno\u015bci albo bezdomni \u015bpi\u0105cy u wej\u015b\u0107 sklepowych &#8211; w cieniu\n      przepe\u0142nionych sk\u0142ad\u00f3w materia\u0142\u00f3w budowlanych oraz zamykanych\n      szpitali, gdy miliony ludzi wyrzucane s\u0105 na bezrobocie?<\/p>\n\n\n\n<p>Socjali\u015bci m\u00f3wi\u0105, \u017ce istnieje prawdziwa alternatywa.<\/p>\n\n\n\n<p>Nie zosta\u0142a ona nigdy jeszcze spr\u00f3bowana.<\/p>\n\n\n\n<p>Ca\u0142y mijaj\u0105cy dwudziesty wiek by\u0142 epok\u0105 z\u0142ych odpowiedzi od\n      polityk\u00f3w, kt\u00f3rzy nigdy nie patrzyli dalej ni\u017c kapitalizm.<\/p>\n\n\n\n<p>Alternatywa produkcji na u\u017cytek, wsp\u00f3lna w\u0142asno\u015b\u0107,\n      demokratyczna kontrola i swobodny dost\u0119p do wszystkich\n      mo\u017cliwych zasob\u00f3w d\u00f3br spo\u0142ecznych &#8211; musi jeszcze zosta\u0107\n      wykorzystana.<\/p>\n\n\n\n<p>Dlaczego by jej nie spr\u00f3bowa\u0107?<\/p>\n","protected":false},"excerpt":{"rendered":"<p>Rzeczy nie s\u0105 dzi\u015b produkowane, by zaspokoi\u0107 ludzkie potrzeby. S\u0105 one produkowane dla zysku. I to jest problem, kt\u00f3ry przed nami stoi. W systemie zysku doch\u00f3d zawsze b\u0119dzie mia\u0142 pierwsz\u0144stwo przed zapewnieniem podstawowych us\u0142ug, (jak opieka zdrowotna, transport, poprawa warunk\u00f3w pracy) czy przed ochron\u0105 \u015brodowiska. R\u00f3wnocze\u015bnie stwarza on klimat &#8220;dorobkiewiczostwa&#8221;, gdzie rywalizacja w robieniu pieni\u0119dzy&#8230;<\/p>\n","protected":false},"author":1,"featured_media":0,"parent":0,"menu_order":0,"comment_status":"closed","ping_status":"closed","template":"","meta":{"magazine_newspaper_sidebar_layout":"","footnotes":""},"class_list":["post-1446","page","type-page","status-publish","hentry"],"_links":{"self":[{"href":"https:\/\/www.worldsocialism.org\/wsm\/wp-json\/wp\/v2\/pages\/1446","targetHints":{"allow":["GET"]}}],"collection":[{"href":"https:\/\/www.worldsocialism.org\/wsm\/wp-json\/wp\/v2\/pages"}],"about":[{"href":"https:\/\/www.worldsocialism.org\/wsm\/wp-json\/wp\/v2\/types\/page"}],"author":[{"embeddable":true,"href":"https:\/\/www.worldsocialism.org\/wsm\/wp-json\/wp\/v2\/users\/1"}],"replies":[{"embeddable":true,"href":"https:\/\/www.worldsocialism.org\/wsm\/wp-json\/wp\/v2\/comments?post=1446"}],"version-history":[{"count":0,"href":"https:\/\/www.worldsocialism.org\/wsm\/wp-json\/wp\/v2\/pages\/1446\/revisions"}],"wp:attachment":[{"href":"https:\/\/www.worldsocialism.org\/wsm\/wp-json\/wp\/v2\/media?parent=1446"}],"curies":[{"name":"wp","href":"https:\/\/api.w.org\/{rel}","templated":true}]}}