{"id":1438,"date":"2019-03-16T00:00:01","date_gmt":"2019-03-16T00:00:01","guid":{"rendered":"https:\/\/wsm.prolerat.org\/?page_id=1438"},"modified":"2019-10-05T14:16:12","modified_gmt":"2019-10-05T13:16:12","slug":"polska","status":"publish","type":"page","link":"https:\/\/www.worldsocialism.org\/wsm\/polska\/","title":{"rendered":"Polska"},"content":{"rendered":"\n<h3 class=\"wp-block-heading\"><a href=\"https:\/\/www.worldsocialism.org\/wsm\/anarchizm-a-coz-to-nowego\/\">Anarchizm-a c\u00f3\u017a to nowego?<\/a><\/h3>\n\n\n\n<p>Jedn\u0105 z trudno\u015bci wyja\u015bnienia naszego stosunku do       anarchizmu, jest to, \u017ce istnieje wiele r\u00f3\u017cnych odmian       anarchizmu, niekt\u00f3re aprobuj\u0105ce przemoc, inne pacyfistyczne;       niekt\u00f3re ateistyczne, inne religijne itp. Niekt\u00f3rzy anarchi\u015bci       s\u0105 pod wp\u0142ywem Freuda, inni pod wp\u0142ywem r\u00f3\u017cnych szk\u00f3\u0142       psychologii. Niekt\u00f3rzy popieraj\u0105 tworzenie anarchistycznych       komun ju\u017c teraz, jako kroku przej\u015bciowego do nowego systemu       spo\u0142ecznego. Inni s\u0105 indywidualistami, nie przejmuj\u0105cymi si\u0119 za       bardzo problemami spo\u0142ecznymi. Wi\u0119kszo\u015b\u0107 popiera zniesienie<strong><a href=\"https:\/\/www.worldsocialism.org\/wsm\/anarchizm-a-coz-to-nowego\/\">Read more.. about Anarchizm-a c\u00f3\u017a to nowego?<\/a><\/strong><\/p>\n\n\n\n<h3 class=\"wp-block-heading\"><a href=\"https:\/\/www.worldsocialism.org\/wsm\/dlaczego-system-zyskow-musi-odejsc\/\">Dlaczego system zysk\u00f3w musi odej\u015b\u0107?<\/a><\/h3>\n\n\n\n<p>Rzeczy nie s\u0105 dzi\u015b produkowane, by zaspokoi\u0107 ludzkie       potrzeby. S\u0105 one produkowane dla zysku. I to jest problem,       kt\u00f3ry przed nami stoi.<strong><a href=\"https:\/\/www.worldsocialism.org\/wsm\/dlaczego-system-zyskow-musi-odejsc\/\">Read more.. about Dlaczego system zysk\u00f3w musi odej\u015b\u0107?<\/a><\/strong><\/p>\n\n\n\n<h3 class=\"wp-block-heading\"><a href=\"https:\/\/www.worldsocialism.org\/wsm\/na-pomoc-jestes-w-klatce\/\">Na pomoc jeste\u015b w klatce<\/a><\/h3>\n\n\n\n<p>Wsta\u0144 wczesnym rankiem. Id\u017a szybko do pracy. Dosta\u0144 wyp\u0142at\u0119       mniejsz\u0105, ni\u017c to co wyprodukowa\u0142e\u015b. Oddaj t\u0119 nadwy\u017ck\u0119 swojemu       pracodawcy. Staraj si\u0119 przetrwa\u0107 na tej pensji. Wydaj j\u0105 z       powrotem na to co ty i inni niewolnicy zarobk\u00f3w       wyprodukowali\u015bcie. Nic nie zosta\u0142o z pensji. Potrzebujesz wi\u0119c       pieni\u0119dzy. A zatem . . . wsta\u0144 rano. Id\u017a do roboty. Otrzymaj       mniej ni\u017c wyprodukowa\u0142e\u015b . . . Powtarzaj to a\u017c umrzesz albo       wy\u015bl\u0105 Ci\u0119 na emerytowisko.<strong><a href=\"https:\/\/www.worldsocialism.org\/wsm\/na-pomoc-jestes-w-klatce\/\">Read more.. about Na pomoc jeste\u015b w klatce<\/a><\/strong><\/p>\n\n\n\n<h3 class=\"wp-block-heading\"><a href=\"https:\/\/www.worldsocialism.org\/wsm\/przyszlosc-pracy\/\">Przysz\u0142o\u015b\u0107 pracy<\/a><\/h3>\n\n\n\n<p>Jednym z najgorszych przejaw\u00f3w obecnego systemu jest spos\u00f3b,       w jaki dzieli on \u017cycie na okresy op\u0142aconej pracy i p\u0142acenia za       wypoczynek. Zbyt cz\u0119sto m\u00f3wimy o pracy, jakby to by\u0142a tylko       op\u0142acana praca i jak \u0142atwo uto\u017csamiamy wypoczynek jako jedynie       rozrywk\u0119, za kt\u00f3r\u0105 musimy p\u0142aci\u0107. Jednak nawet teraz istnieje       wiele prac nie wykonywanych dla pieni\u0119dzy i wiele rodzaj\u00f3w       wypoczynku, kt\u00f3ry nie ma wagi pieni\u0119dzy. W przysz\u0142ym       spo\u0142eczee\u0144stwie, praca i wypoczynek wolne b\u0119d\u0105 nie tylko od       kalkulacji finansowych, lecz r\u00f3wnie\u017c linia podzia\u0142u mi\u0119dzy nimi<strong><a href=\"https:\/\/www.worldsocialism.org\/wsm\/przyszlosc-pracy\/\">Read more.. about Przysz\u0142o\u015b\u0107 pracy<\/a><\/strong><\/p>\n\n\n\n<h3 class=\"wp-block-heading\"><a href=\"https:\/\/www.worldsocialism.org\/wsm\/to-jest-socjalizm\/\">To jest socjalizm<\/a><\/h3>\n\n\n\n<p><strong>Socjalizm znaczy wsp\u00f3ln\u0105 w\u0142asno\u015b\u0107<\/strong><\/p>\n\n\n\n<p>\u015arodki produkcji nie b\u0119d\u0105 d\u0142u\u017cej nale\u017ce\u0107 do uprzywilejowanej\n      elity, czy to prywatnych kapitalist\u00f3w, czy pa\u0144stwowych\n      biurokrat\u00f3w. Oba te systemy b\u0119d\u0105 zas t\u0105pione przez system, w\n      kt\u00f3rym wszystkie \u015brodki (naturalne i przemys\u0142owe) b\u0119d\u0105 we\n      wsp\u00f3lnym w\u0142adaniu przez ca\u0142e spo\u0142ecze\u0144stwo. To jest podstawa\n      socjalizmu.<\/p>\n\n\n\n<p><strong>Socjalizm znaczy r\u00f3wno\u015b\u0107 spo\u0142eczn\u0105<\/strong>       <strong><a href=\"https:\/\/www.worldsocialism.org\/wsm\/to-jest-socjalizm\/\">Read more.. about To jest socjalizm<\/a><\/strong><\/p>\n\n\n\n<h3 class=\"wp-block-heading\"><a href=\"https:\/\/www.worldsocialism.org\/wsm\/znowu-wybory\/\">Znowu wybory<\/a><\/h3>\n\n\n\n<p>\n            \n      \n        \n  \n  \n    Co par\u0119 lat grupy profesjonalnych polityk\u00f3w konkuruj\u0105 o Tw\u00f3j g\u0142os, \u017ceby\nzdoby\u0107 sobie wygodny sto\u0142ek, tym razem w Parlamencie Europejskim.\nWszstkie z tych partii i wszyscy kandydaci oferuj\u0105 tylko niewielkie\nzmiany do obecnego systemu spo\u0142eczno-gospodarczego. Dlatego w\u0142a\u015bnie,\nkt\u00f3rykolwiek kandydat czy partie zwyci\u0119\u017c\u0105, nic si\u0119 wok\u00f3\u0142 nas nie\nzmienia. <\/p>\n\n\n\n<p><strong>Obiecanki cacanki<\/strong><br> Wszyscy politycy zak\u0142adaj\u0105, \u017ce kapitalizm jest jedyn\u0105 drog\u0105, nawet je\u015bli krytykuj\u0105 jego nieakceptowalne przejawy, np. zach\u0142annych <strong><a href=\"https:\/\/www.worldsocialism.org\/wsm\/znowu-wybory\/\">Read more..<\/a><\/strong><\/p>\n","protected":false},"excerpt":{"rendered":"<p>Anarchizm-a c\u00f3\u017a to nowego? Jedn\u0105 z trudno\u015bci wyja\u015bnienia naszego stosunku do anarchizmu, jest to, \u017ce istnieje wiele r\u00f3\u017cnych odmian anarchizmu, niekt\u00f3re aprobuj\u0105ce przemoc, inne pacyfistyczne; niekt\u00f3re ateistyczne, inne religijne itp. Niekt\u00f3rzy anarchi\u015bci s\u0105 pod wp\u0142ywem Freuda, inni pod wp\u0142ywem r\u00f3\u017cnych szk\u00f3\u0142 psychologii. Niekt\u00f3rzy popieraj\u0105 tworzenie anarchistycznych komun ju\u017c teraz, jako kroku przej\u015bciowego do nowego systemu&#8230;<\/p>\n","protected":false},"author":1,"featured_media":0,"parent":0,"menu_order":0,"comment_status":"closed","ping_status":"closed","template":"","meta":{"magazine_newspaper_sidebar_layout":"","footnotes":""},"class_list":["post-1438","page","type-page","status-publish","hentry"],"_links":{"self":[{"href":"https:\/\/www.worldsocialism.org\/wsm\/wp-json\/wp\/v2\/pages\/1438","targetHints":{"allow":["GET"]}}],"collection":[{"href":"https:\/\/www.worldsocialism.org\/wsm\/wp-json\/wp\/v2\/pages"}],"about":[{"href":"https:\/\/www.worldsocialism.org\/wsm\/wp-json\/wp\/v2\/types\/page"}],"author":[{"embeddable":true,"href":"https:\/\/www.worldsocialism.org\/wsm\/wp-json\/wp\/v2\/users\/1"}],"replies":[{"embeddable":true,"href":"https:\/\/www.worldsocialism.org\/wsm\/wp-json\/wp\/v2\/comments?post=1438"}],"version-history":[{"count":1,"href":"https:\/\/www.worldsocialism.org\/wsm\/wp-json\/wp\/v2\/pages\/1438\/revisions"}],"predecessor-version":[{"id":2453,"href":"https:\/\/www.worldsocialism.org\/wsm\/wp-json\/wp\/v2\/pages\/1438\/revisions\/2453"}],"wp:attachment":[{"href":"https:\/\/www.worldsocialism.org\/wsm\/wp-json\/wp\/v2\/media?parent=1438"}],"curies":[{"name":"wp","href":"https:\/\/api.w.org\/{rel}","templated":true}]}}