{"id":1429,"date":"2019-03-15T23:53:09","date_gmt":"2019-03-15T23:53:09","guid":{"rendered":"https:\/\/wsm.prolerat.org\/?page_id=1429"},"modified":"2019-10-05T14:18:25","modified_gmt":"2019-10-05T13:18:25","slug":"norsk","status":"publish","type":"page","link":"https:\/\/www.worldsocialism.org\/wsm\/norsk\/","title":{"rendered":"Norsk"},"content":{"rendered":"\n<h3 class=\"wp-block-heading\"><a href=\"https:\/\/www.worldsocialism.org\/wsm\/om-oss-selv\/\">Om oss selv<\/a><\/h3>\n\n\n\n<p><strong>HVA ER DERES M\u00c5L?<\/strong><\/p>\n\n\n\n<p>\u00c5 erstatte det n\u00e5v\u00e6rende kapitalistiske samfunnssystemet med\n      et nytt og annerledes system, som vi kaller Sosialismen.<\/p>\n\n\n\n<p><strong>HVA ER KAPITALISMEN?<\/strong>       <strong><a href=\"https:\/\/www.worldsocialism.org\/wsm\/om-oss-selv\">Read more..<\/a><\/strong><\/p>\n","protected":false},"excerpt":{"rendered":"<p>Om oss selv HVA ER DERES M\u00c5L? \u00c5 erstatte det n\u00e5v\u00e6rende kapitalistiske samfunnssystemet med et nytt og annerledes system, som vi kaller Sosialismen. HVA ER KAPITALISMEN? Read more..<\/p>\n","protected":false},"author":1,"featured_media":0,"parent":0,"menu_order":0,"comment_status":"closed","ping_status":"closed","template":"","meta":{"magazine_newspaper_sidebar_layout":"","footnotes":""},"class_list":["post-1429","page","type-page","status-publish","hentry"],"_links":{"self":[{"href":"https:\/\/www.worldsocialism.org\/wsm\/wp-json\/wp\/v2\/pages\/1429","targetHints":{"allow":["GET"]}}],"collection":[{"href":"https:\/\/www.worldsocialism.org\/wsm\/wp-json\/wp\/v2\/pages"}],"about":[{"href":"https:\/\/www.worldsocialism.org\/wsm\/wp-json\/wp\/v2\/types\/page"}],"author":[{"embeddable":true,"href":"https:\/\/www.worldsocialism.org\/wsm\/wp-json\/wp\/v2\/users\/1"}],"replies":[{"embeddable":true,"href":"https:\/\/www.worldsocialism.org\/wsm\/wp-json\/wp\/v2\/comments?post=1429"}],"version-history":[{"count":1,"href":"https:\/\/www.worldsocialism.org\/wsm\/wp-json\/wp\/v2\/pages\/1429\/revisions"}],"predecessor-version":[{"id":2454,"href":"https:\/\/www.worldsocialism.org\/wsm\/wp-json\/wp\/v2\/pages\/1429\/revisions\/2454"}],"wp:attachment":[{"href":"https:\/\/www.worldsocialism.org\/wsm\/wp-json\/wp\/v2\/media?parent=1429"}],"curies":[{"name":"wp","href":"https:\/\/api.w.org\/{rel}","templated":true}]}}