{"id":1366,"date":"2019-03-15T15:40:10","date_gmt":"2019-03-15T15:40:10","guid":{"rendered":"https:\/\/wsm.prolerat.org\/?page_id=1366"},"modified":"2020-11-24T00:49:16","modified_gmt":"2020-11-24T00:49:16","slug":"italiano","status":"publish","type":"page","link":"https:\/\/www.worldsocialism.org\/wsm\/italiano\/","title":{"rendered":"Italiano"},"content":{"rendered":"\n<h3 class=\"wp-block-heading\"><a href=\"http:\/\/socialismo-mondiale.blogspot.com\/\">Socialismo-Mondiale<\/a><\/h3>\n\n\n\n<p>Il nostro blog.<\/p>\n\n\n\n<h3 class=\"wp-block-heading\"><a href=\"http:\/\/socialismo-mondiale.blogspot.com\/\"><strong>Socialismo-Mondial<\/strong><\/a><\/h3>\n\n\n\n<p>\u2019Umanit\u00e0 sta finalmente superando il capitalismo, ed \u00e8 tempo per  un grande cambiamento. E\u2019 ora all\u2019orizzonte un futuro senza scarsit\u00e0  basato sulla propriet\u00e0 comune, sul libero accesso e sul controllo  democratico. Una societ\u00e0 globale senza frontiere dove le risorse della  Terra sono diventate l\u2019eredit\u00e0 comune di tutti e sono usate per  soddisfare i bisogni della gente senza l\u2019uso del denaro. Il pi\u00f9 grande  cambiamento nella societ\u00e0 dalla scoperta dell\u2019elettricit\u00e0.<\/p>\n\n\n\n<h3 class=\"wp-block-heading\"><a href=\"https:\/\/www.worldsocialism.org\/wsm\/che-cose-il-socialismo\/\">Che cos&#8217;\u00e8 il Socialismo<\/a><\/h3>\n\n\n\n<p>Nel  corso degli anni, la parola Socialismo \u00e8 venuta a definire gli  obiettivi e i principi di svariate organizzazioni, e il regime politico  di numerosi Stati. La stragrande maggioranza degli italiani associa oggi  l&#8217;idea del socialismo a partiti come i DS, il PSDI, il Nuovo PSI, I  Socialisti, il PRC, il PdCI, o altri dell&#8217;estrema sinistra, oppure a  paesi come la Cina, Cuba o la Russia nei giorni dell\u2019Unione Sovietica. <strong><a href=\"https:\/\/www.worldsocialism.org\/wsm\/che-cose-il-socialismo\/\">Read more.. about Che cos&#8217;\u00e8 il Socialismo<\/a><\/strong><\/p>\n\n\n\n<h3 class=\"wp-block-heading\"><a href=\"https:\/\/www.worldsocialism.org\/wsm\/che-cose-la-proprieta-comune\/\">Che cos&#8217;\u00e8 la propriet\u00e0 comune?<\/a><\/h3>\n\n\n\n<p> Il fondamento di qualsiasi societ\u00e0 \u00e8 il modo in cui i suoi       membri sono organizzati per la produzione e la distribuzione       della ricchezza. Se solo un gruppo della societ\u00e0 controlla       l&#8217;uso dei mezzi di produzione, vi \u00e8 una societ\u00e0 di classe. Un       altro modo di esprimere la stessa idea \u00e8 che i membri di questo       gruppo o classe possiedono i mezzi di produzione, dal momento       che poter controllare l&#8217;uso di qualcosa \u00e8 come possederlo, con       o senza dei titoli di propriet\u00e0 legali. <strong><a href=\"https:\/\/www.worldsocialism.org\/wsm\/che-cose-la-proprieta-comune\/\">Read more.. about Che cos&#8217;\u00e8 la propriet\u00e0 comune?<\/a><\/strong><\/p>\n\n\n\n<h3 class=\"wp-block-heading\"><a href=\"https:\/\/www.worldsocialism.org\/wsm\/e-ancora-tempo-di-elezioni\/\">\u00c8 ancora tempo di elezioni<\/a><\/h3>\n\n\n\n<p>                                            Ogni quattro o cinque anni gruppi di politici di professione competono per il tuo voto con lo scopo di ottenere per se stessi una posizione privilegiata, questa volta nel Parlamento Europeo. Tutti i partiti e i candidati (ad eccezione dei rarissimi candidati del Movimento Socialista Mondiale) offrono solo cambiamenti minori all\u2019attuale sistema. Ecco perch\u00e9 qualunque candidato o partito vinca non vi \u00e8 nessun significante cambiamento del presente stato delle cose. Continuamente vengono fatte promesse che poi vengono ritirate, vengono fissati obiettivi che poi..<strong><a href=\"https:\/\/www.worldsocialism.org\/wsm\/e-ancora-tempo-di-elezioni\/\">Read more.. about \u00c8 ancora tempo di elezioni<\/a><\/strong><\/p>\n\n\n\n<h3 class=\"wp-block-heading\"><a href=\"https:\/\/www.worldsocialism.org\/wsm\/il-bisogno-di-socialismo\/\">Il bisogno di socialismo<\/a><\/h3>\n\n\n\n<p><em>La storia del XX secolo \u00e8 stata caratterizzata da\n      rivoluzioni, controrivoluzioni, colpi, crolli di regime e\n      guerre di genocidio. Il capitalismo sembra aver eliminato tutti\n      i possibili rivali, bench\u00e9 ancora non risponda ai bisogni\n      fondamentali della gente.<\/em><\/p>\n\n\n\n<p>\u00c8 vero che la privazione materiale \u2013 almeno in questa parte       del mondo \u2013 \u00e8 minore rispetto a quando il Partito Socialista       della Gran Bretagna \u00e8 stato formato nel 1904. Ma \u00e8 anche vero       che da allora c&#8217;\u00e8 stato uno sviluppo tremendo delle forze di&#8230;<strong><a href=\"https:\/\/www.worldsocialism.org\/wsm\/il-bisogno-di-socialismo\/\">Read more.. about Il bisogno di socialismo<\/a><\/strong><\/p>\n\n\n\n<h3 class=\"wp-block-heading\"><a href=\"https:\/\/www.worldsocialism.org\/wsm\/la-delusione-antimperialista\/\">La delusione antimperialista<\/a><\/h3>\n\n\n\n<p><em>Nel corso del XX secolo il socialismo, nel suo\n      significato, venne trasformato da una dottrina e indirizzo\n      associati all&#8217;emancipazione della classe operaia in una\n      dottrina e indirizzo associati al nascente potere delle elite\n      nazionaliste ed antimperialiste delle zone economicamente meno\n      sviluppate del mondo.<\/em><\/p>\n\n\n\n<p>Il punto di partenza fu rappresentato dalla presa del potere       in Russia nel 1917 da parte di una elite la quale aveva       ereditato la sua ideologia dal movimento operaio, ma che in.. <strong><a href=\"https:\/\/www.worldsocialism.org\/wsm\/la-delusione-antimperialista\/\">Read more.. about La delusione antimperialista<\/a><\/strong><\/p>\n\n\n\n<h3 class=\"wp-block-heading\"><a href=\"https:\/\/www.worldsocialism.org\/wsm\/un-capitalismo-europeo-o-un-socialismo-mondiale\/\">Un capitalismo europeo o un socialismo mondiale?<\/a><\/h3>\n\n\n\n<p>In giugno milioni di elettori in 25 diversi paesi europei       sono chiamati a eleggere il Parlamento Europeo. Saremo di       fronte a una scelta di candidati apparentemente vasta &#8211;       conservatori, liberali, social democratici, centro destra,       centro sinistra, nazionalisti, razzisti, fascisti,       ex-comunisti, trotzkisti e altri sinistroidi che asseriscono di       essere socialisti &#8211; ma di fatto tutti loro puntano a mantenere,       in una forma o in un&#8217;altra, il sistema capitalista della       padronanza statale o privata e della produzione per       profitto&#8230;<strong><a href=\"https:\/\/www.worldsocialism.org\/wsm\/un-capitalismo-europeo-o-un-socialismo-mondiale\/\">Read more..<\/a><\/strong><\/p>\n","protected":false},"excerpt":{"rendered":"<p>Socialismo-Mondiale Il nostro blog. Socialismo-Mondial \u2019Umanit\u00e0 sta finalmente superando il capitalismo, ed \u00e8 tempo per un grande cambiamento. E\u2019 ora all\u2019orizzonte un futuro senza scarsit\u00e0 basato sulla propriet\u00e0 comune, sul libero accesso e sul controllo democratico. Una societ\u00e0 globale senza frontiere dove le risorse della Terra sono diventate l\u2019eredit\u00e0 comune di tutti e sono usate&#8230;<\/p>\n","protected":false},"author":1,"featured_media":0,"parent":0,"menu_order":0,"comment_status":"closed","ping_status":"closed","template":"","meta":{"magazine_newspaper_sidebar_layout":"","footnotes":""},"class_list":["post-1366","page","type-page","status-publish","hentry"],"_links":{"self":[{"href":"https:\/\/www.worldsocialism.org\/wsm\/wp-json\/wp\/v2\/pages\/1366","targetHints":{"allow":["GET"]}}],"collection":[{"href":"https:\/\/www.worldsocialism.org\/wsm\/wp-json\/wp\/v2\/pages"}],"about":[{"href":"https:\/\/www.worldsocialism.org\/wsm\/wp-json\/wp\/v2\/types\/page"}],"author":[{"embeddable":true,"href":"https:\/\/www.worldsocialism.org\/wsm\/wp-json\/wp\/v2\/users\/1"}],"replies":[{"embeddable":true,"href":"https:\/\/www.worldsocialism.org\/wsm\/wp-json\/wp\/v2\/comments?post=1366"}],"version-history":[{"count":5,"href":"https:\/\/www.worldsocialism.org\/wsm\/wp-json\/wp\/v2\/pages\/1366\/revisions"}],"predecessor-version":[{"id":3299,"href":"https:\/\/www.worldsocialism.org\/wsm\/wp-json\/wp\/v2\/pages\/1366\/revisions\/3299"}],"wp:attachment":[{"href":"https:\/\/www.worldsocialism.org\/wsm\/wp-json\/wp\/v2\/media?parent=1366"}],"curies":[{"name":"wp","href":"https:\/\/api.w.org\/{rel}","templated":true}]}}