{"id":1314,"date":"2019-03-14T22:50:16","date_gmt":"2019-03-14T22:50:16","guid":{"rendered":"https:\/\/wsm.prolerat.org\/?page_id=1314"},"modified":"2019-03-14T22:50:16","modified_gmt":"2019-03-14T22:50:16","slug":"un-capitalisme-europeen-ou-un-socialisme-mondial","status":"publish","type":"page","link":"https:\/\/www.worldsocialism.org\/wsm\/un-capitalisme-europeen-ou-un-socialisme-mondial\/","title":{"rendered":"Un capitalisme europ\u00e9en ou un socialisme mondial?"},"content":{"rendered":"\n<p>Au mois de juin, des millions d&#8217;\u00e9lecteurs seront appel\u00e9s aux\n      urnes dans les 25 pays de l&#8217;Union europ\u00e9enne afin d&#8217;\u00e9lire un\n      Parlement europ\u00e9en. Il vous sera loisible d&#8217;accorder votre voix\n      \u00e0 une multitude de candidats repr\u00e9sentant, semble-t-il, toutes\n      les tendances politiques : conservateurs, lib\u00e9raux,\n      sociaux-d\u00e9mocrates, centre-droit, centre-gauche, nationalistes,\n      racistes, fascistes, ex-communistes, trotskistes et autres\n      gauchistes pr\u00e9tendument socialistes. Mais en r\u00e9alit\u00e9, force est\n      de constater que toutes ces tendances souhaitent conserver le\n      syst\u00e8me capitaliste de propri\u00e9t\u00e9 priv\u00e9e ou d&#8217;\u00e9tat et d&#8217;une\n      production \u00e0 des fins de profit.<\/p>\n\n\n\n<p>Les diff\u00e9rences qui peuvent exister entre elles ont trait \u00e0\n      l&#8217;administration du syst\u00e8me. Certaines souhaitent un\n      interventionnisme plus marqu\u00e9 de la part de l&#8217;Etat, d&#8217;autres\n      moins, mais personne ne propose de d\u00e9passer le syst\u00e8me de\n      salaires-prix-profit. Tous souhaitent conserver ce syst\u00e8me\n      consistant \u00e0 produire pour un march\u00e9, \u00e0 vendre et \u00e0 acheter, \u00e0\n      recourir \u00e0 l&#8217;argent et \u00e0 travailler pour un salaire. Personne,\n      pas m\u00eame ceux qui se r\u00e9clament d&#8217;id\u00e9ologie socialiste, ne\n      d\u00e9fend le concept originel du socialisme, celui d&#8217;une soci\u00e9t\u00e9\n      de propri\u00e9t\u00e9 collective, sous contr\u00f4le d\u00e9mocratique, une\n      production \u00e0 des fins d&#8217;utilisation et non de profit et une\n      distribution sans recours \u00e0 l&#8217;argent selon le principe \u00ab De\n      chacun selon ses capacit\u00e9s,\u00e0 chacun selon ses besoins \u00bb.<\/p>\n\n\n\n<h3 class=\"wp-block-heading\">Les d\u00e9fauts du capitalisme<\/h3>\n\n\n\n<p>Mais quels sont donc les d\u00e9fauts du capitalisme ? Le\n      principal d\u00e9faut du capitalisme r\u00e9side dans le fait qu&#8217;il\n      repose sur les privil\u00e8ges de certaines classes et sur\n      l&#8217;exploitation. Les moyens de production des richesses, c&#8217;est \u00e0\n      dire les moyens de survie d&#8217;une soci\u00e9t\u00e9, sont monopolis\u00e9s par\n      une infime minorit\u00e9 de la population soit directement, soit\n      indirectement par l&#8217;interm\u00e9diaire de l&#8217;Etat. En cons\u00e9quence,\n      nous n&#8217;avons d&#8217;autre choix que de vendre notre force de travail\n      en \u00e9change d&#8217;un salaire qui ne peut jamais \u00e9galer la valeur\n      r\u00e9elle de ce que nous produisons car, si tel \u00e9tait le cas, il\n      ne pourrait y avoir de profit, ce profit source de revenu des\n      privil\u00e9gi\u00e9s et but prioritaire de la production\n      capitaliste.<\/p>\n\n\n\n<p>Ensuite, le capitalisme engendre une concurrence tellement\n      effr\u00e9n\u00e9e qu&#8217;il provoque une augmentation du rythme de vie, du\n      stress, de l&#8217;ins\u00e9curit\u00e9 au travail, de la pollution et du\n      nombre de guerres et, par cons\u00e9quent, des moyens gaspill\u00e9s pour\n      la pr\u00e9paration de celles-ci, notamment au niveau des d\u00e9penses\n      en armement.<\/p>\n\n\n\n<p>Le capitalisme ne peut fonctionner que de la mani\u00e8re dont il\n      fonctionne actuellement : un syst\u00e8me qui g\u00e9n\u00e8re des profits et\n      qui \u00e9l\u00e8ve ceux-ci au rang de priorit\u00e9. Il ne peut \u00eatre r\u00e9form\u00e9\n      pour fonctionner d&#8217;une autre mani\u00e8re. Voil\u00e0 pourquoi le fait de\n      changer de gouvernement ne solutionne rien. Quelle que soit\n      leur couleur politique, les gouvernements ne peuvent modifier\n      les lois \u00e9conomiques du capitalisme. Au contraire, ils doivent\n      les appliquer \u00e0 la lettre ; nous avons souvent pu nous rendre\n      compte que des gouvernements \u00e9lus gr\u00e2ce \u00e0 des promesses de\n      r\u00e9formes du capitalisme en vue de le rendre profitable \u00e0 tous,\n      ont d\u00fb d\u00e9chanter et ont fini par raboter les salaires et les\n      allocations, et limiter les services publics afin de\n      sauvegarder les profits. Il ne fait aucun doute que certains\n      des membres de ces gouvernements \u00e9taient parfaitement sinc\u00e8res,\n      comme le sont d&#8217;ailleurs certains candidats qui se pr\u00e9sentent \u00e0\n      ces \u00e9lections. Mais le probl\u00e8me se situe ailleurs. Il ne s&#8217;agit\n      nullement de la volont\u00e9 que peuvent avoir les candidats mais\n      bien de leur capacit\u00e9, ou incapacit\u00e9 dans le cas pr\u00e9sent, \u00e0\n      mener un projet \u00e0 bien dans le carcan du syst\u00e8me de profit.<\/p>\n\n\n\n<p>Le capitalisme ne peut simplement faire l&#8217;objet d&#8217;une\n      r\u00e9forme dans le but de servir les int\u00e9r\u00eats de la classe\n      majoritaire de travailleurs salari\u00e9s. C&#8217;est pourquoi nous, le\n      Mouvement socialiste mondial, appelons les travailleurs \u00e0\n      s&#8217;organiser pour mettre fin au capitalisme et non pas\n      simplement pour tenter de mener \u00e0 bien une quelconque\n      r\u00e9forme.<\/p>\n\n\n\n<h3 class=\"wp-block-heading\">L&#8217;exp\u00e9rience du socialisme n&#8217;a pas encore \u00e9t\u00e9 tent\u00e9e.<\/h3>\n\n\n\n<p>Mais le socialisme n&#8217;a-t-il pas d\u00e9j\u00e0 fait l&#8217;objet d&#8217;une\n      tentative qui s&#8217;est sold\u00e9e par un \u00e9chec ? Absolument pas.\n      L&#8217;exp\u00e9rience men\u00e9e en Russie et en Europe de l&#8217;Est n&#8217;\u00e9tait pas\n      du socialisme mais un capitalisme d&#8217;Etat contr\u00f4l\u00e9 par un seul\n      parti politique dictatorial. En effet, le syst\u00e8me \u00e9conomique\n      russe reposait toujours sur des principes capitalistes : des\n      biens et des services \u00e9taient produits pour \u00eatre vendus et les\n      personnes devaient vendre leur force de travail en \u00e9change d&#8217;un\n      salaire qui leur permettait d&#8217;acheter ce dont ils avaient\n      besoin. Ce qui s&#8217;est pass\u00e9 dans ces pays d\u00e9montre seulement que\n      m\u00eame la pire forme de dictature politique ne peut forcer le\n      capitalisme \u00e0 servir l&#8217;int\u00e9r\u00eat commun de la majorit\u00e9. Bien s\u00fbr,\n      il n&#8217;y avait qu&#8217;un seul gros employeur : l&#8217;Etat. Mais le but de\n      celui-ci, comme celui des employeurs priv\u00e9s en Occident, \u00e9tait\n      de g\u00e9n\u00e9rer un profit qui servait \u00e0 entretenir la nomenklatura\n      qui contr\u00f4lait l&#8217;Etat.<\/p>\n\n\n\n<p>Nous insistons sur le fait que le vrai socialisme est\n      quelque chose de tr\u00e8s diff\u00e9rent. C&#8217;est un monde d\u00e9pourvu de\n      fronti\u00e8res, sans armes, sans classes privil\u00e9gi\u00e9es, dans lequel\n      les ressources de la plan\u00e8te deviendraient l&#8217;h\u00e9ritage commun\n      des peuples de la terre et dont l&#8217;exploitation b\u00e9n\u00e9ficierait \u00e0\n      tous. Il s&#8217;agit l\u00e0 du seul cadre qui permettrait d&#8217;apporter des\n      solutions aux probl\u00e8mes (stress au travail, services publiques\n      d\u00e9ficients, guerres ou menaces de guerre, destruction de\n      l&#8217;environnement, famine, etc.) auxquels l&#8217;Humanit\u00e9 en g\u00e9n\u00e9ral,\n      et les travailleurs en particulier, doivent faire face. C&#8217;est\n      pourquoi la seule activit\u00e9 politique constructive et digne\n      d&#8217;int\u00e9r\u00eat est celle qui consiste \u00e0 \u0153uvrer dans ce sens.<\/p>\n\n\n\n<h3 class=\"wp-block-heading\">Comment voter ?<\/h3>\n\n\n\n<p>Il ne nous appartient pas de vous dire pour qui voter. Si       vous ne voyez aucune alternative valable au capitalisme, vous       accorderez sans doute votre voix \u00e0 l&#8217;un des politiciens       capitalistes en lice. Si vous souhaitez vous prononcer en       faveur d&#8217;un socialisme mondial, nous vous encourageons \u00e0 \u00e9crire       \u00ab SOCIALISME MONDIAL \u00bb sur votre bulletin de vote pour nous       manifester votre soutient et ce, malgr\u00e9 le fait qu&#8217;aucun de nos       repr\u00e9sentants ne figure sur les listes (nous esp\u00e9rons bien       \u00e9videmment y figurer \u00e0 l&#8217;avenir). Mais surtout, nous vous       encourageons vivement \u00e0 prendre contact avec nous par courriel       en \u00e9crivant \u00e0 <a href=\"mailto:spgb@worldsocialism.org\">spgb@worldsocialism.org<\/a>, ou par voie postale \u00e0       l&#8217;adresse suivante : 52, Clapham High Street, London, SW4 7UN,       Great Britain, afin de d\u00e9couvrir plus en d\u00e9tail l&#8217;alternative       au capitalisme. Pour de plus amples informations, vous pouvez       \u00e9galement consulter notre site internet : <a href=\"https:\/\/www.worldsocialism.org\">www.worldsocialism.org<\/a><\/p>\n","protected":false},"excerpt":{"rendered":"<p>Au mois de juin, des millions d&#8217;\u00e9lecteurs seront appel\u00e9s aux urnes dans les 25 pays de l&#8217;Union europ\u00e9enne afin d&#8217;\u00e9lire un Parlement europ\u00e9en. Il vous sera loisible d&#8217;accorder votre voix \u00e0 une multitude de candidats repr\u00e9sentant, semble-t-il, toutes les tendances politiques : conservateurs, lib\u00e9raux, sociaux-d\u00e9mocrates, centre-droit, centre-gauche, nationalistes, racistes, fascistes, ex-communistes, trotskistes et autres gauchistes&#8230;<\/p>\n","protected":false},"author":1,"featured_media":0,"parent":0,"menu_order":0,"comment_status":"closed","ping_status":"closed","template":"","meta":{"magazine_newspaper_sidebar_layout":"","footnotes":""},"class_list":["post-1314","page","type-page","status-publish","hentry"],"_links":{"self":[{"href":"https:\/\/www.worldsocialism.org\/wsm\/wp-json\/wp\/v2\/pages\/1314","targetHints":{"allow":["GET"]}}],"collection":[{"href":"https:\/\/www.worldsocialism.org\/wsm\/wp-json\/wp\/v2\/pages"}],"about":[{"href":"https:\/\/www.worldsocialism.org\/wsm\/wp-json\/wp\/v2\/types\/page"}],"author":[{"embeddable":true,"href":"https:\/\/www.worldsocialism.org\/wsm\/wp-json\/wp\/v2\/users\/1"}],"replies":[{"embeddable":true,"href":"https:\/\/www.worldsocialism.org\/wsm\/wp-json\/wp\/v2\/comments?post=1314"}],"version-history":[{"count":0,"href":"https:\/\/www.worldsocialism.org\/wsm\/wp-json\/wp\/v2\/pages\/1314\/revisions"}],"wp:attachment":[{"href":"https:\/\/www.worldsocialism.org\/wsm\/wp-json\/wp\/v2\/media?parent=1314"}],"curies":[{"name":"wp","href":"https:\/\/api.w.org\/{rel}","templated":true}]}}