{"id":1301,"date":"2019-03-14T22:41:49","date_gmt":"2019-03-14T22:41:49","guid":{"rendered":"https:\/\/wsm.prolerat.org\/?page_id=1301"},"modified":"2019-03-14T22:41:49","modified_gmt":"2019-03-14T22:41:49","slug":"arretons-la-machine-folle-du-capitalisme","status":"publish","type":"page","link":"https:\/\/www.worldsocialism.org\/wsm\/arretons-la-machine-folle-du-capitalisme\/","title":{"rendered":"Arr\u00eatons la machine folle du capitalisme"},"content":{"rendered":"\n<p>On est d&#8217;accord sur le fait que le socialisme n&#8217;existe nulle\n      part dans le monde et qu&#8217;il n&#8217;a jamais exist\u00e9. En effet partout\n      dans le monde ceux qui ne poss\u00e8dent pas les moyens de\n      production se trouvent forc\u00e9s de vendre leur force de travail.\n      C&#8217;est cette marchandise particuli\u00e8re qui est en effet source de\n      valeur et pour le capitaliste, source de plus-value.<\/p>\n\n\n\n<p>Tant que l&#8217;argent circulera les travailleurs ne\n      b\u00e9n\u00e9ficieront que d&#8217;une partie des fruits de leur travail. Et\n      s&#8217;il est vrai que le niveau de vie des travailleurs occidentaux\n      a augment\u00e9 en un si\u00e8cle, il faut cependant voir que les forces\n      productives ont augment\u00e9 beaucoup plus et que l&#8217;on travaille\n      partout encore 8 heures par jour. Il a \u00e9t\u00e9 prouv\u00e9 que si la\n      production \u00e9tait orient\u00e9e vers la seule satisfaction des\n      besoins et si tous les m\u00e9tiers n\u00e9cessit\u00e9s par le syst\u00e8me\n      capitaliste (employ\u00e9 de banque, caissi\u00e8re, etc&#8230;)\n      disparaissaient, il ne serait plus besoin de travailler que 2\n      heures par jour.<\/p>\n\n\n\n<p>Il est certain de plus que la notion de travail\/loisir\n      serait bien diff\u00e9rente : que ferait un publiciste dans un monde\n      socialiste ? En raison de la division du travail, beaucoup\n      d&#8217;activit\u00e9s deviennent r\u00e9barbatives. Quelle infirmi\u00e8re n&#8217;adore\n      pas son m\u00e9tier tout en le ha\u00efssant \u00e0 cause du rythme infernal ?\n      Quelle m\u00e8re de famille ne devient pas n\u00e9vros\u00e9e enferm\u00e9e entre\n      quatre murs toute une journ\u00e9e avec des gamins ? Et telle autre\n      qui ne les voit que le soir tard ? Et tous, employ\u00e9s de bureau\n      ou ouvriers, cadres, 8 heures par jour du m\u00eame boulot toute une\n      vie. Et quelques ann\u00e9es de retraite \u00e0 prendre vite avant de\n      crever. Esp\u00e9rez-vous vraiment que le capital va prendre soin de\n      vous alors que ch\u00f4meurs, vous n&#8217;\u00eates pas &#8211;pour le moment&#8211;\n      productifs, vieillards vous n&#8217;\u00eates plus productifs (bon gr\u00e9,\n      mal gr\u00e9) ?<\/p>\n\n\n\n<p>Le capital n&#8217;est int\u00e9ress\u00e9 que par une chose : s&#8217;accumuler.\n      Donc faire du profit. Il n&#8217;a rien \u00e0 faire de ce qu&#8217;il produit\n      tant que cela pourrait \u00eatre n&#8217;importe quelle merde.&#8211;on risque\n      m\u00eame de s&#8217;an\u00e9antir, soi et le reste&#8211; tant qu&#8217;on s&#8217;\u00e9largit, on\n      fait du profit toujours plus.<\/p>\n\n\n\n<p>Quand la production elle-m\u00eame n&#8217;est pas envisag\u00e9e pour la\n      satisfaction des besoins, comment croire qu&#8217;un quelconque\n      gouvernement puisse changer quoi que ce soit par quelques\n      r\u00e9formes ? Si m\u00eame des tonnes de lait en poudre arrivaient au\n      Cambodge cela changerait-il quelque chose au probl\u00e8me de fond ?\n      D&#8217;un autre c\u00f4t\u00e9 on pille d&#8217;autres biens, r\u00e9cemment 1 milliard\n      de pommes \u00e9taient d\u00e9vers\u00e9es pour pourrir dans un ravin en\n      France. Ces charit\u00e9s sont en fait la canalisation du\n      m\u00e9contentement de certains.<\/p>\n\n\n\n<p>Il faut se rendre compte que le syst\u00e8me capitaliste n&#8217;a plus\n      aucune raison d&#8217;\u00eatre : c&#8217;est un cercle vicieux, malade de\n      lui-m\u00eame et le seul moyen d&#8217;en sortir, c&#8217;est de briser le\n      cercle. Si le capitalisme a eu sa fonction, c&#8217;est-\u00e0-dire de\n      d\u00e9velopper les forces productives \u00e0 un point tel qu&#8217;il rend\n      possible le socialisme &#8211;soci\u00e9t\u00e9 d&#8217;abondance \u00e0 l&#8217;\u00e9chelle du\n      monde&#8211; il est maintenant. non plus un mal n\u00e9cessaire mais un\n      mal en soi. Tout y est illogisme.<\/p>\n\n\n\n<p>Nous pouvons penser que les deux cents ans de capitalisme\n      sont peu de chose compar\u00e9s \u00e0 l&#8217;histoire de l&#8217;homme\n      &#8211;pr\u00e9histoire, p\u00e9riode de l&#8217;esclavage et du servage. Peut-\u00eatre\n      cette p\u00e9riode que nous appelons civilisation n&#8217;est elle pas\n      encore r\u00e9alis\u00e9e. Nous sommes en passe de voir la vraie\n      Civilisation et l&#8217;homme v\u00e9ritablement libre et cela nous faits\n      d&#8217;autant plus mal que nous souffrons encore de ce syst\u00e8me de\n      production et que nous devons attendre que les autres l&#8217;aient\n      r\u00e9alis\u00e9. Peut-\u00eatre pourrions-nous activer cette pens\u00e9e gardant\n      l&#8217;espoir de voir soi-m\u00eame l&#8217;humanit\u00e9 s&#8217;\u00e9panouir enfin.<\/p>\n\n\n\n<p>Le passage technique &#8211;d&#8217;organisation&#8211; \u00e0 cette nouvelle\n      soci\u00e9t\u00e9 n&#8217;est pas un probl\u00e8me. D\u00e9j\u00e0 d&#8217;autres rapports de\n      production tel le b\u00e9n\u00e9volat sont apparus (je ne dis pas que\n      c&#8217;est cela le socialisme ; au contraire car celui-ci n\u00e9cessite\n      l&#8217;abolition de l&#8217;argent) mais que du seul aspect social, un\n      d\u00e9sir d&#8217;un autre rapport est n\u00e9. L&#8217;automation toujours plus\n      pouss\u00e9e et qui d\u00e9couvre encore plus les contradictions de\n      l&#8217;\u00e9conomie de march\u00e9 y sera pour beaucoup. Il appartient \u00e0 tous\n      de faire que la machine folle du capitalisme soit arr\u00eat\u00e9e.<\/p>\n\n\n\n<p>Seule l&#8217;utopie est r\u00e9alisable. Quelle autre alternative ? Le\n      socialisme ne doit pas \u00eatre loin. Pour cela informons,\n      d\u00e9battons. D\u00e9sirons ? Quelle autre pratique pour le moment\n      ?<\/p>\n\n\n\n<p>Le capitalisme n&#8217;est plus viable. Les conditions mat\u00e9rielles\n      sont pr\u00eates pour le socialisme. L&#8217;automation de plus en plus\n      grande semble en \u00eatre garant. On est d&#8217;accord. Socialement on\n      d\u00e9sire autre chose. &#8220;Mais &#8230;&#8221;<\/p>\n\n\n\n<p>O\u00f9 se situe ce &#8220;mais &#8230;&#8221; ? Pourquoi &#8220;Oui, mais &#8230; &#8220;? Peur\n      du changement? Impossibilit\u00e9 d&#8217;imaginer les nouveaux rapports\n      de production et la vie dans un monde lib\u00e9r\u00e9 du syst\u00e8me du\n      salaire, monde d&#8217;abondance ? Pourquoi alors que tous les\n      arguments ont \u00e9t\u00e9 accept\u00e9s, ne pas prendre la d\u00e9cision logique:\n      &#8220;Oui la seule alternative, l&#8217;alternative tout \u00e0 fait possible\n      c&#8217;est le socialisme, l&#8217;abolition du salariat, du profit et avec\n      lui la r\u00e9appropriation des moyens de production, la fin de\n      l&#8217;exploitation, de la division du travail, du manque, de\n      l&#8217;ins\u00e9curit\u00e9 et des maux cr\u00e9\u00e9s par l&#8217;ancien mode de production\n      tourn\u00e9 vers la recherche du profit et la seule valeur\n      d&#8217;\u00e9change. Oui \u00e0 l&#8217;abondance, la paix, le travail cr\u00e9atif, le\n      temps libre, l&#8217;espace libre &#8230;&#8221; ?<\/p>\n\n\n\n<p>&#8220;Oui, mais&#8221;. Qu&#8217;est-ce qui retient donc ? La nouveaut\u00e9 de\n      l&#8217;id\u00e9e ? Le fait qu&#8217;elle n est pas dans les m\u00e9dias ? Qu&#8217;elle\n      n&#8217;est pas accept\u00e9e, partag\u00e9e encore par la majorit\u00e9 ? La mode\n      nous a-t-elle donc tant habitu\u00e9s au conformisme ? Ou\n      l&#8217;ins\u00e9curit\u00e9, l&#8217;irresponsabilit\u00e9 dans lesquelles nous force le\n      capitalisme nous emp\u00eachent-elles d&#8217;\u00eatre logiques avec\n      nous-m\u00eames ?<\/p>\n\n\n\n<p>Tous sont concern\u00e9s, tous se sentent concern\u00e9s mais tous\n      attendent que les autres fassent le premier pas &#8230; et puis se\n      sentant agress\u00e9s ils se tournent vers le socialiste et disent :\n      et toi que fais-tu pour changer tout cela ? Que puis-je faire\n      que faire germiner des id\u00e9es, rena\u00eetre des d\u00e9sirs, amener \u00e0 la\n      compr\u00e9hension des raisons de notre malheur et dire que ces\n      raisons ne sont pas fatales, qu&#8217;elles sont historiques,\n      inh\u00e9rentes au capitalisme et qu&#8217;il est possible d\u00e8s maintenant\n      de vivre le socialisme ?<\/p>\n\n\n\n<p>Alors ils rajoutent: &#8220;Mais en pratique ?&#8221; Pratique. Cela ne\n      veut pas dire grand-chose. Comment, d&#8217;o\u00f9, est n\u00e9 cette\n      effroyable distinction entre th\u00e9orie et pratique, entre parler\n      et agir ? Se balader dans une rue et taper sur la gueule de\n      ceux d&#8217;en face est-ce cela la glorieuse pratique ? Parler,\n      c&#8217;est aussi agir, et d&#8217;une fa\u00e7on beaucoup plus efficace.<\/p>\n\n\n\n<p>Mais ce qui est vrai c&#8217;est que mat\u00e9riellement on ne pourra\n      pas instaurer le socialisme tant que vous ne vous serez pas\n      rendu compte de votre ali\u00e9nation. C&#8217;est elle qui vous emp\u00eache\n      de voir l&#8217;importance de chacun de vous et de votre d\u00e9cision.\n      L&#8217;appareil id\u00e9ologique capitaliste et le peu de moyens\n      d&#8217;information socialistes ne rendent pas les choses faciles\n      mais au bout du compte la classe salari\u00e9e ne peut s&#8217;en prendre\n      qu&#8217;\u00e0 elle. Elle est la seule \u00e0 pouvoir prendre la d\u00e9cision\n      &#8211;politique&#8211; d&#8217;abolir le syst\u00e8me actuel. Cette classe\n      salari\u00e9e, \u00e7a n&#8217;est rien d&#8217;autre que l&#8217;immense majorit\u00e9 de la\n      population, cette classe c&#8217;est vous tous, salari\u00e9s du pr\u00e9sent,\n      du pass\u00e9, mais esp\u00e9rons-le bient\u00f4t futurs socialistes.<\/p>\n\n\n\n<p>Qu&#8217;est ce qui t&#8217;attache donc tant au syst\u00e8me capitaliste\n      ?<\/p>\n","protected":false},"excerpt":{"rendered":"<p>On est d&#8217;accord sur le fait que le socialisme n&#8217;existe nulle part dans le monde et qu&#8217;il n&#8217;a jamais exist\u00e9. En effet partout dans le monde ceux qui ne poss\u00e8dent pas les moyens de production se trouvent forc\u00e9s de vendre leur force de travail. C&#8217;est cette marchandise particuli\u00e8re qui est en effet source de valeur&#8230;<\/p>\n","protected":false},"author":1,"featured_media":0,"parent":0,"menu_order":0,"comment_status":"closed","ping_status":"closed","template":"","meta":{"magazine_newspaper_sidebar_layout":"","footnotes":""},"class_list":["post-1301","page","type-page","status-publish","hentry"],"_links":{"self":[{"href":"https:\/\/www.worldsocialism.org\/wsm\/wp-json\/wp\/v2\/pages\/1301","targetHints":{"allow":["GET"]}}],"collection":[{"href":"https:\/\/www.worldsocialism.org\/wsm\/wp-json\/wp\/v2\/pages"}],"about":[{"href":"https:\/\/www.worldsocialism.org\/wsm\/wp-json\/wp\/v2\/types\/page"}],"author":[{"embeddable":true,"href":"https:\/\/www.worldsocialism.org\/wsm\/wp-json\/wp\/v2\/users\/1"}],"replies":[{"embeddable":true,"href":"https:\/\/www.worldsocialism.org\/wsm\/wp-json\/wp\/v2\/comments?post=1301"}],"version-history":[{"count":0,"href":"https:\/\/www.worldsocialism.org\/wsm\/wp-json\/wp\/v2\/pages\/1301\/revisions"}],"wp:attachment":[{"href":"https:\/\/www.worldsocialism.org\/wsm\/wp-json\/wp\/v2\/media?parent=1301"}],"curies":[{"name":"wp","href":"https:\/\/api.w.org\/{rel}","templated":true}]}}