{"id":1297,"date":"2019-03-14T22:39:03","date_gmt":"2019-03-14T22:39:03","guid":{"rendered":"https:\/\/wsm.prolerat.org\/?page_id=1297"},"modified":"2022-06-19T01:57:11","modified_gmt":"2022-06-19T00:57:11","slug":"francais","status":"publish","type":"page","link":"https:\/\/www.worldsocialism.org\/wsm\/francais\/","title":{"rendered":"Fran\u00e7ais"},"content":{"rendered":"\n<h3 class=\"wp-block-heading\"><a href=\"https:\/\/socialisme-mondial.blogspot.com\/\">Mouvement Socialiste Mondial<\/a><\/h3>\n\n\n\n<p>Le Blog.<\/p>\n\n\n\n<h3 class=\"wp-block-heading\"><a href=\"https:\/\/bataillesocialiste.wordpress.com\/socialisme-mondial-1973-1987\/\"><strong>Socialisme Mondial<\/strong><\/a><\/h3>\n\n\n\n<p>Bulletin francophone du Parti socialiste du Canada du N\u00b01 au N\u00b013, puis transf\u00e9r\u00e9 en Europe \u00e0 partir du N\u00b014. Le titre est r\u00e9apparu sous forme d\u2019un&nbsp;<a href=\"http:\/\/socialisme-mondial.blogspot.com\/\">blog<\/a>&nbsp;en 2008. [<em>Voir<\/em>&nbsp;l\u2019historique \u00e0&nbsp;<a href=\"https:\/\/bataillesocialiste.wordpress.com\/2009\/08\/07\/socialisme-mondial-au-quebec\/\">\u201cSocialisme mondial\u201d au Qu\u00e9bec<\/a>&nbsp;.]<\/p>\n\n\n\n<h3 class=\"wp-block-heading\"><a href=\"https:\/\/www.worldsocialism.org\/wsm\/arretons-la-machine-folle-du-capitalisme\/\">Arr\u00eatons la machine folle du capitalisme<\/a><\/h3>\n\n\n\n<p>On est d&#8217;accord sur le fait que le socialisme n&#8217;existe nulle       part dans le monde et qu&#8217;il n&#8217;a jamais exist\u00e9. En effet partout       dans le monde ceux qui ne poss\u00e8dent pas les moyens de       production se trouvent forc\u00e9s de vendre leur force de travail.       C&#8217;est cette marchandise particuli\u00e8re qui est en effet source de       valeur et pour le capitaliste, source de plus-value.<\/p>\n\n\n\n<p><strong><a href=\"https:\/\/www.worldsocialism.org\/wsm\/arretons-la-machine-folle-du-capitalisme\/\">Read more.. about Arr\u00eatons la machine folle du capitalisme<\/a><\/strong><\/p>\n\n\n\n<h3 class=\"wp-block-heading\"><a href=\"https:\/\/www.worldsocialism.org\/wsm\/baisser-la-tete-ou-construire-lespoir\/\">Baisser La T\u00eate Ou Construire L&#8217;Espoir?<\/a><\/h3>\n\n\n\n<p>Le syst\u00e8me dans lequel nous vivons est malade&#8230;\n      cong\u00e9nitalement. Son histoire, si on excepte de (trop) courtes\n      p\u00e9riodes de prosp\u00e9rit\u00e9 \u00e9conomique, n&#8217;est faite que d&#8217;une\n      interminable litanie de probl\u00e8mes jamais r\u00e9solus.<\/p>\n\n\n\n<p>Ainsi, il ne se passe pas une journ\u00e9e sans que les journaux       ou la t\u00e9l\u00e9vision ne viennent nous rappeler la quantit\u00e9 et la       gravit\u00e9 des probl\u00e8mes auxquels le monde est confront\u00e9       aujourd&#8217;hui : guerres, attentats terroristes, malnutrition,       crime organise, narcotrafic, menaces pour       l&#8217;environnement&#8230;<strong><a href=\"https:\/\/www.worldsocialism.org\/wsm\/baisser-la-tete-ou-construire-lespoir\/\">Read more.. about Baisser La T\u00eate Ou Construire L&#8217;Espoir?<\/a><\/strong><\/p>\n\n\n\n<h3 class=\"wp-block-heading\"><a href=\"https:\/\/www.worldsocialism.org\/wsm\/la-fin-du-travail\/\">La fin du travail?<\/a><\/h3>\n\n\n\n<p>&#8220;\u00c9pargnez le bras qui fait tourner la meule, \u00f4 meuni\u00e8res, et       dormez paisiblement! Que le coq vous avertisse en vain qu&#8217;il       fait jour!&#8221; Cet hymne \u00e0 l&#8217;oisivet\u00e9 du po\u00e8te grec Antipatros est       propre \u00e0 faire trembler dans leur v\u00e9tuste carcasse teint\u00e9e \u00e0       outrance du devoir chr\u00e9tien, les inconditionnels d\u00e9fenseurs de       la vertu du travail, o\u00f9 le labeur et la souffrance vont de pair       avec l&#8217;int\u00e9grit\u00e9, le m\u00e9rite et l&#8217;honneur et o\u00f9, malheureux que       nous sommes, le repos et le farniente sont mis \u00e0 la ge\u00f4le des   <strong><a href=\"https:\/\/www.worldsocialism.org\/wsm\/la-fin-du-travail\/\">Read more.. about La fin du travail?<\/a><\/strong><\/p>\n\n\n\n<h3 class=\"wp-block-heading\"><a href=\"https:\/\/www.worldsocialism.org\/wsm\/un-capitalisme-europeen-ou-un-socialisme-mondial\/\">Un capitalisme europ\u00e9en ou un socialisme mondial?<\/a><\/h3>\n\n\n\n<p>Au mois de juin, des millions d&#8217;\u00e9lecteurs seront appel\u00e9s aux       urnes dans les 25 pays de l&#8217;Union europ\u00e9enne afin d&#8217;\u00e9lire un       Parlement europ\u00e9en. Il vous sera loisible d&#8217;accorder votre voix       \u00e0 une multitude de candidats repr\u00e9sentant, semble-t-il, toutes       les tendances politiques : conservateurs, lib\u00e9raux,       sociaux-d\u00e9mocrates, centre-droit, centre-gauche, nationalistes,       racistes, fascistes, ex-communistes, trotskistes et autres       gauchistes pr\u00e9tendument socialistes. Mais en r\u00e9alit\u00e9, force est <strong><a href=\"https:\/\/www.worldsocialism.org\/wsm\/un-capitalisme-europeen-ou-un-socialisme-mondial\/\">Read more.. about Un capitalisme europ\u00e9en ou un socialisme mondial?<\/a><\/strong><\/p>\n\n\n\n<h3 class=\"wp-block-heading\"><a href=\"https:\/\/www.worldsocialism.org\/wsm\/une-societe-sans-argent\/\">Une Societe Sans Argent<\/a><\/h3>\n\n\n\n<p>Depuis toujours je suis convaincue de l&#8217;inutilit\u00e9 de\n      l&#8217;argent, de sa nocivit\u00e9. Il est \u00e0 la racine de toutes les\n      d\u00e9viations, il pourrit tout ce qu&#8217;il touche. Et cela me semble\n      si \u00e9vident qu&#8217;il me para\u00eet superflu d&#8217;insister.<\/p>\n\n\n\n<p>Partant de cette conviction, le tout est de savoir si l&#8217;on       peut concevoir et mettre sur pied une organisation sociale sans       argent, l&#8217;argent \u00e9tant entendu comme \u00abmonnaie d&#8217;\u00e9change\u00bb, le       supprimer et ne pas chercher \u00e0 le remplacer par quoi que ce       soit. <strong><a href=\"https:\/\/www.worldsocialism.org\/wsm\/une-societe-sans-argent\/\">Read more..<\/a><\/strong><\/p>\n","protected":false},"excerpt":{"rendered":"<p>Mouvement Socialiste Mondial Le Blog. Socialisme Mondial Bulletin francophone du Parti socialiste du Canada du N\u00b01 au N\u00b013, puis transf\u00e9r\u00e9 en Europe \u00e0 partir du N\u00b014. Le titre est r\u00e9apparu sous forme d\u2019un&nbsp;blog&nbsp;en 2008. [Voir&nbsp;l\u2019historique \u00e0&nbsp;\u201cSocialisme mondial\u201d au Qu\u00e9bec&nbsp;.] Arr\u00eatons la machine folle du capitalisme On est d&#8217;accord sur le fait que le socialisme n&#8217;existe&#8230;<\/p>\n","protected":false},"author":1,"featured_media":0,"parent":0,"menu_order":0,"comment_status":"closed","ping_status":"closed","template":"","meta":{"magazine_newspaper_sidebar_layout":"","footnotes":""},"class_list":["post-1297","page","type-page","status-publish","hentry"],"_links":{"self":[{"href":"https:\/\/www.worldsocialism.org\/wsm\/wp-json\/wp\/v2\/pages\/1297","targetHints":{"allow":["GET"]}}],"collection":[{"href":"https:\/\/www.worldsocialism.org\/wsm\/wp-json\/wp\/v2\/pages"}],"about":[{"href":"https:\/\/www.worldsocialism.org\/wsm\/wp-json\/wp\/v2\/types\/page"}],"author":[{"embeddable":true,"href":"https:\/\/www.worldsocialism.org\/wsm\/wp-json\/wp\/v2\/users\/1"}],"replies":[{"embeddable":true,"href":"https:\/\/www.worldsocialism.org\/wsm\/wp-json\/wp\/v2\/comments?post=1297"}],"version-history":[{"count":4,"href":"https:\/\/www.worldsocialism.org\/wsm\/wp-json\/wp\/v2\/pages\/1297\/revisions"}],"predecessor-version":[{"id":4395,"href":"https:\/\/www.worldsocialism.org\/wsm\/wp-json\/wp\/v2\/pages\/1297\/revisions\/4395"}],"wp:attachment":[{"href":"https:\/\/www.worldsocialism.org\/wsm\/wp-json\/wp\/v2\/media?parent=1297"}],"curies":[{"name":"wp","href":"https:\/\/api.w.org\/{rel}","templated":true}]}}