{"id":1291,"date":"2019-03-14T22:32:59","date_gmt":"2019-03-14T22:32:59","guid":{"rendered":"https:\/\/wsm.prolerat.org\/?page_id=1291"},"modified":"2019-03-14T22:32:59","modified_gmt":"2019-03-14T22:32:59","slug":"la-mondsocialisma-movado","status":"publish","type":"page","link":"https:\/\/www.worldsocialism.org\/wsm\/la-mondsocialisma-movado\/","title":{"rendered":"La Mondsocialisma Movado"},"content":{"rendered":"\n<p>NI \u0109i tie alparolas vin ne kiel civitanoj de unu lando, sed\n      kiel mondsocialistoj parolantaj al kunuloj de la laborista\n      klaso. Nia apelacio bazi\u011das sur la rekono, ke kapitalismo estas\n      tutmonda, kaj ke la laboristoj de la mondo havas komunan\n      intereson kune agi por la abolicio de kapitalismo kaj la\n      starigo de Socialismo.<\/p>\n\n\n\n<h3 class=\"wp-block-heading\">Kapitalismo a\u016d Socialismo<\/h3>\n\n\n\n<p>NI vivas en socisistemo konata kiel kapitalismo. Sub\n      kapitalismo ni akiras la vivonecesa\u015dojn-nutra\u0135ojn, vestojn,\n      lo\u011dadon, voja\u011dadon, distron ktp-per a\u0109etado. Ili estas\n      produktataj por realigi profiton. Kion povas a\u0109eti la individuo\n      dependas de kiom da mono li havas. La vivo de lukso kaj\n      langvoro \u011duata de la mulmultaj ri\u0109uloj kontrastas akre kun la\n      malsekura laborplena ekzisto de la granda plimulto. Sub\n      kapitalismo tiu paradokso de ri\u0109eco kaj malri\u0109eco estas\n      universala. La privilegiita minoritato, a\u016d per rekta posedo a\u016d\n      per naciigo (kiel en okcidenta E\u016dropo) a\u016d per \u015dtatkapitalismo\n      (kiel en \u0108inio) dividas inter si la abundan enspezon\n      rezultantan el la ekspluatado de la amasoj de \u0109iu lando en la\n      mondo.<\/p>\n\n\n\n<p>La celo de la Mondsocialisma Movado estas anstata\u016digi\n      kapitalismon per universala sociala sistemo en kiu la rimedoj\n      de produktado kaj distribuado ne plu apartenos al minoritato\n      sed transiros en la posedon de la tuta komunumo. Tio \u0109esigos la\n      konkurencon inter la diversaj landoj por merkatoj kaj fontoj de\n      krudaj materialoj kio tiel ofte estas ka\u016dzo de internaciaj\n      konfliktoj. En socio socialisma artikloj estos produktataj ne\n      por profito sed por utiligo far la homaro. \u0108iaj spezoj (luo,\n      interezo, profito) malaperos. La problemo solvenda de la tiama\n      socialisma socio estos la organizado de la kapablularo por\n      produkti kunlabore man\u011da\u0135ojn, domojn, vestojn kaj \u0109iujn\n      artikolojn kaj servojn necesajn por plena kaj agrabla vivo.\n      Necesa\u015doj estos libere haveblaj \u0109ar la gvidprincipo estos: de\n      \u0109iu la\u016dkapable; al \u0109iu la\u016dbezone.<\/p>\n\n\n\n<p>La Socialismo ne povas krei\u011di interne de la kapitalisma\n      sistemo. Unu sistemo devas anstata\u016di la alian kaj Socialismo\n      estas devige tutmonda.<\/p>\n\n\n\n<h3 class=\"wp-block-heading\">Sociaj Reformoj ne kondukas al Socialismo<\/h3>\n\n\n\n<p>EKZISTAS nur unu vojo al Socialismo. La taktiko, konsideri\n      unuope la sociajn problemojn estas malutila el la vidpunkto de\n      la Socialistoj. La tasko de la Socialistoj estas \u015dan\u011di la bazan\n      fundamenton de nuntempa socio. Kia ajn estu la efiko de\n      reformprojektoj, la fina rezulto estas malsukceso \u0109ar ili ne\n      povas efektivigi fundamentan \u015dan\u011don.<\/p>\n\n\n\n<p>Inter la problemoj de la laborista klaso estas: senlaboreco,\n      prezalti\u011doj, nesufi\u0109eco de salajro kaj manko de decaj lo\u011dlokoj.\n      Tiuj samaj problemoj frontis la laboristojn anta\u016d 50 jaroj kaj\n      anta\u016d 100 jaroj! La lukto de la laboristoj por plibonigi siajn\n      vivnivelojn da\u016dradas, sed la problemoj neniam solvi\u011dos sub\n      kapitalismo.<\/p>\n\n\n\n<p>La Mondsocialisma Movado rekonas la gravecon de kontinua\n      klopodado far la laboristoj por pli bonaj salajroj kaj\n      laborkondi\u0109oj, sed tio ne sufi\u0109as: \u011di lasas la rimedojn de\n      produktado kaj komunikoj senkonteste en la manoj de la\n      kapitalistoj.<\/p>\n\n\n\n<p>La Mondsocialisma Movado ne subtenas naciigon de industrioj\n      \u0109ar tio simple estas formo de \u015dtatkapitalismo. La naciigo nek\n      estas nek kondukas al Socialismo!<\/p>\n\n\n\n<h3 class=\"wp-block-heading\">La Vojo al Socialsmo<\/h3>\n\n\n\n<p>Socialsmo ne povas reali\u011di anta\u016d ol la plimulto \u011din\n      komprenos kaj deziros, kaj sekve prenos la necesajn pa\u015dojn por\n      demokrate \u011din establi. La plimulto de konsciaj socialistoj\n      perbalote ekreganta la politikan mekanismon utiligos tion por\n      enkonduki la fundamentajn \u015dan\u011dojn favore al la interesoj de la\n      homaro. La ekregon de la \u015dtatamekanismo necesan por Socialismo\n      ne povas atingi strikoj, \u011deneralaj strikoj a\u016d ribelado.<\/p>\n\n\n\n<p>\u0108ar sociaj reformoj ne povas konduki al Socialismo, la\n      Mondsocialisma Movado limigas sian membraron al tiuj kiuj estas\n      konvinkitaj socialistoj kaj ne lasas ali\u011di homojn kiuj celas\n      nur fari kapitalismon pli tolerebla.<\/p>\n\n\n\n<p>La kapitalistaj partioj ne \u0109esas fari promesojn kiujn ili,\n      post elekti\u011do, forlasos a\u016d e\u0109 neos. E\u0109 se tiel ne estus,\n      kapitalisma ekspluatado restus netu\u015dita. La Mondsocialisma\n      Movado neniam proponis solvojn de la individuaj problemoj kiujn\n      suferas en kapitalismo la laborista klaso, nek \u011di proponis sin\n      kiel estrojn: estroj ne povas solvi la problemojn de la\n      laboristoj, kiuj devas solvi siajn proprajn problemojn per la\n      necesaj klopodoj por kompreni kiel funkcias la kapitalismo kaj\n      kiamaniere \u011din anstata\u016digi per socialismo.<\/p>\n\n\n\n<p>Necesas ne fido al estroj kaj al iliaj promesoj, sed\n      politiko de memstareco kaj sindevigo kompreni la karakteron de\n      la problemoj mem. La laborista klaso, la granda plimulto de la\n      popolo, havas la gravan taskon atingi Socialismon kaj\n      tiamaniere ebligi al la homaro fari pa\u015don anta\u016den al sociala\n      progreso.<\/p>\n\n\n\n<p>La mondo en kiu vi vivas, kiel tiu de viaj prapatroj,\n      alportas malmulte pli ol fortan laboron, nesufi\u0109an salajron,\n      nesekurecon. \u0108u nur tion vi volas heredigi al viaj infanoj, se\n      alia mondo, libera de tiaj problemoj estas atingebla? Vi\n      atingos nenion, se vi mem ne pretas esplori kaj agi.<\/p>\n\n\n\n<p>Tiuj kiuj dezirus liberi\u011di de nesekureco kaj de la\n      malagrabla\u0135oj kapitalistaj devas memstare agi kun siaj\n      laborkamaradoj por atingi emancipi\u011don. Nur tia klopodo alportos\n      indan rezulton.<\/p>\n\n\n\n<h3 class=\"wp-block-heading\">Nia Starpunkto<\/h3>\n\n\n\n<p>Socialistoj apartenas al unu tutmonda movado kiu celas\n      efektivigi socialismon per demokrata vo\u0109dono far la plimulto.\n      Socialistoj nek subtenas nek kunlaboras kun iu ajn registaro a\u016d\n      politika partio kapitalisma kaj rifuzas partopreni\n      kapitalistajn militojn kaj kverelojn kiuj frontigas unu\n      laboriston kontra\u016d alian. Ekzistas nur unu laborista klaso kaj\n      nur unu socialista starpunkto.<\/p>\n\n\n\n<p>Kampanjoj por kapti merkatojn por eksporto a\u016d por limigi\n      importojn, kaj postuloj por baroj kontra\u016d migrantoj estas\n      kapitalistaj aferoj. Socialistoj ne permesas sin ali\u011di al\n      kvereloj kapitalistaj, ekzemple pri landlimoj (Italio\/A\u016dstrio,\n      Norda\/Suda Irlando, Israelo\/Egiptio, Norda\/Suda Vjetnamo),\n      naciistaj, religiaj a\u016d lingvaj konfliktoj kiuj dividas la\n      laboristan klason. Socialistoj anka\u016d ne subtenas ajnan grupi\u011don\n      de la kapitalista mondo: la britan Commonwealth, la E\u016dropan\n      Komunumon, a\u016d potenco-blokojn usonan, rusan, \u0109inan. La malamiko\n      en \u0109iuj landoj estas la kapitalismo.<\/p>\n\n\n\n<p>Socialistoj oponas la sensencan perforton per tumultoj,\n      bombo\u0135etoj kaj gerilomilitoj kiuj servas al neniu intereso krom\n      tiu de la kapitalista reakcio.<\/p>\n","protected":false},"excerpt":{"rendered":"<p>NI \u0109i tie alparolas vin ne kiel civitanoj de unu lando, sed kiel mondsocialistoj parolantaj al kunuloj de la laborista klaso. Nia apelacio bazi\u011das sur la rekono, ke kapitalismo estas tutmonda, kaj ke la laboristoj de la mondo havas komunan intereson kune agi por la abolicio de kapitalismo kaj la starigo de Socialismo. Kapitalismo a\u016d&#8230;<\/p>\n","protected":false},"author":1,"featured_media":0,"parent":0,"menu_order":0,"comment_status":"closed","ping_status":"closed","template":"","meta":{"magazine_newspaper_sidebar_layout":"","footnotes":""},"class_list":["post-1291","page","type-page","status-publish","hentry"],"_links":{"self":[{"href":"https:\/\/www.worldsocialism.org\/wsm\/wp-json\/wp\/v2\/pages\/1291","targetHints":{"allow":["GET"]}}],"collection":[{"href":"https:\/\/www.worldsocialism.org\/wsm\/wp-json\/wp\/v2\/pages"}],"about":[{"href":"https:\/\/www.worldsocialism.org\/wsm\/wp-json\/wp\/v2\/types\/page"}],"author":[{"embeddable":true,"href":"https:\/\/www.worldsocialism.org\/wsm\/wp-json\/wp\/v2\/users\/1"}],"replies":[{"embeddable":true,"href":"https:\/\/www.worldsocialism.org\/wsm\/wp-json\/wp\/v2\/comments?post=1291"}],"version-history":[{"count":0,"href":"https:\/\/www.worldsocialism.org\/wsm\/wp-json\/wp\/v2\/pages\/1291\/revisions"}],"wp:attachment":[{"href":"https:\/\/www.worldsocialism.org\/wsm\/wp-json\/wp\/v2\/media?parent=1291"}],"curies":[{"name":"wp","href":"https:\/\/api.w.org\/{rel}","templated":true}]}}