{"id":1287,"date":"2019-03-14T22:30:52","date_gmt":"2019-03-14T22:30:52","guid":{"rendered":"https:\/\/wsm.prolerat.org\/?page_id=1287"},"modified":"2019-03-14T22:30:52","modified_gmt":"2019-03-14T22:30:52","slug":"la-komuna-merkato-europa","status":"publish","type":"page","link":"https:\/\/www.worldsocialism.org\/wsm\/la-komuna-merkato-europa\/","title":{"rendered":"La komuna merkato e\u016dropa"},"content":{"rendered":"\n<p>Ni submetas la socialistan proponon, ke la sola solvo al la\n      hodia\u016daj sociaj problemoj estas la starigo de monda komunumo\n      sen landlimoj bazita sur komuna posedo kaj demokratia rego de\n      la rimedoj kiuj produktas kaj distribuas ri\u0109a\u0135ojn, kaj kie\n      produktado okazas nur pot uzo-ne por vendo a\u016d profito. Sur tiu\n      bazo la tutmonda produkta ma\u015dinaro povus provizi la abunda\u0135ojn\n      por kiuj \u011di posedas la teknikan kapablon, sed kiujn \u011di ne povas\n      provizi char malhelpas \u011din la limigoj de kapitalismo kaj \u011diaj\n      reguloj &#8220;neniu profito, neniu produktado&#8221;. Tiu sistemo permesus\n      al la socio enkonduki la longtempe konatan socialistan\n      principon &#8220;de \u0109iu la\u016d kapablo, al \u0109iu la\u016d bezono&#8221;. Alivorte,\n      libera aliro por \u0109iu viro, virino kaj infano al tio kion ili\n      bezonas por vivi kaj por \u011dui la vivon. Ni diras, ke tio estas\n      teknike ebla; sed unue la rimedoj por ri\u0109a\u0135o-produktado devas\n      fari\u011di la komuna hereda\u0135o de la tuta homaro, la sola bazo sur\n      kiu oni povas \u015dan\u011di la produktocelon de profitado al kontentigo\n      de homaj bezonoj.<\/p>\n\n\n\n<p>Oni ne povas starigi Socialismon en unu lando; La ekzisto\n      mem de la Komuna Merkato E\u016dropa montras, ke, exc sub\n      kapitalismo la nacia \u015dtato fari\u011dis tro malgranda kadro por la\n      produkta ma\u015dinaro. Kapitalismo jam estas, kaj estadis dum\n      multaj jaroj, monda sistemo; \u011di ekzistas en \u015dtatkapitalisma\n      \u0108inio (kaj existis en \u015dtatkapitalisma Sovietio) samkiel en la\n      okcidento kaj funkcias tra la monda merkato kvaza\u016d unusola\n      ekonomia sistemo. Tio estas la kialo pro kiu la nova, pli\n      altgrada socia evoluo, Socialismo, kiu \u011din anstata\u016dos, anka\u016d\n      devas esti tutmonda sistemo.<\/p>\n\n\n\n<p>Rilate al la Komuna Merkato E\u016dropa, \u011di estas politika kaj\n      komerca aran\u011do en kiu partoprenas pluraj e\u016dropaj \u015dtatoj por\n      servi al siaj kapitalistoj. Kvankam esprimo de la kreskanta\n      internacii\u011demo de la mondo, \u011di ne estas pa\u015do en la direkto de\n      monda unui\u011do kaj oni ne intencas ke \u011di estu tio.<\/p>\n\n\n\n<p>Pli kredeble \u011di estas pa\u015do en la direkto al la kreo de nova\n      superpotenco por rivali Usonon, kio malfermas la fenestron al\n      teruriga bildo de estontaj militoj okazontaj ne plu inter\n      nacioj sed inter kontinentoj. Jam grandi\u011das triflanka komerca\n      milito inter E\u016dropo, Japanio kaj Usono.<\/p>\n\n\n\n<p>Tio tamen ne signifas, ke ni estu samkategoriaj kiel la\n      kontra\u016duloj de la Komuna Merkato E\u016dropa, \u011di signifas simple, ke\n      ni konsideras la tutan aran\u011don kaj la argumentojn pri \u011di neniel\n      rilatajn el laboristklasa vidpunkto. Komercaj ligoj inter iuj\n      landoj koncernas nur la tieajn kapitalistojn, ne la\n      laboristojn.<\/p>\n\n\n\n<p>La intereso de la laborista klaso situas en la abolicio de\n      kapitalismo kaj anstata\u016do per Socialismo. Kapitalismo estas\n      klasa socio bazita sur ekspluatado kaj limigita konsumo de la\n      laborista klaso kiu povas agi nur unumaniere: kiel profitfara\n      sistemo favore al tiuj kiuj vivas de la profitoj tiritaj el\n      posedado kaj regado de la produktrimedoj.<\/p>\n\n\n\n<p>Malgra\u016d pluraj senutilaj klopodoj far la laborista,\n      socidemokrata kaj aliaj registaroj en \u0109iuj landoj, kapitalismo\n      ne estas reformebla tiel ke \u011di funkciu favore al la plimulto.\n      Oni ne ser\u0109u reformon de kapitalismo sed \u011dian abolicion.<\/p>\n","protected":false},"excerpt":{"rendered":"<p>Ni submetas la socialistan proponon, ke la sola solvo al la hodia\u016daj sociaj problemoj estas la starigo de monda komunumo sen landlimoj bazita sur komuna posedo kaj demokratia rego de la rimedoj kiuj produktas kaj distribuas ri\u0109a\u0135ojn, kaj kie produktado okazas nur pot uzo-ne por vendo a\u016d profito. Sur tiu bazo la tutmonda produkta ma\u015dinaro&#8230;<\/p>\n","protected":false},"author":1,"featured_media":0,"parent":0,"menu_order":0,"comment_status":"closed","ping_status":"closed","template":"","meta":{"magazine_newspaper_sidebar_layout":"","footnotes":""},"class_list":["post-1287","page","type-page","status-publish","hentry"],"_links":{"self":[{"href":"https:\/\/www.worldsocialism.org\/wsm\/wp-json\/wp\/v2\/pages\/1287","targetHints":{"allow":["GET"]}}],"collection":[{"href":"https:\/\/www.worldsocialism.org\/wsm\/wp-json\/wp\/v2\/pages"}],"about":[{"href":"https:\/\/www.worldsocialism.org\/wsm\/wp-json\/wp\/v2\/types\/page"}],"author":[{"embeddable":true,"href":"https:\/\/www.worldsocialism.org\/wsm\/wp-json\/wp\/v2\/users\/1"}],"replies":[{"embeddable":true,"href":"https:\/\/www.worldsocialism.org\/wsm\/wp-json\/wp\/v2\/comments?post=1287"}],"version-history":[{"count":0,"href":"https:\/\/www.worldsocialism.org\/wsm\/wp-json\/wp\/v2\/pages\/1287\/revisions"}],"wp:attachment":[{"href":"https:\/\/www.worldsocialism.org\/wsm\/wp-json\/wp\/v2\/media?parent=1287"}],"curies":[{"name":"wp","href":"https:\/\/api.w.org\/{rel}","templated":true}]}}