{"id":1264,"date":"2019-03-14T22:14:05","date_gmt":"2019-03-14T22:14:05","guid":{"rendered":"https:\/\/wsm.prolerat.org\/?page_id=1264"},"modified":"2019-10-05T15:04:48","modified_gmt":"2019-10-05T14:04:48","slug":"esperanto","status":"publish","type":"page","link":"https:\/\/www.worldsocialism.org\/wsm\/esperanto\/","title":{"rendered":"Esperanto"},"content":{"rendered":"\n<h3 class=\"wp-block-heading\"><a href=\"https:\/\/www.worldsocialism.org\/wsm\/solidarnosc-erare-pasis-1989\/\">&#8220;Solidarnosc&#8221; erare pa\u015dis (1989)<\/a><\/h3>\n\n\n\n<p>&#8220;Solidarnosc&#8221;, e\u0109 ne socialisma organiza\u0135o, tre frue       konstatis, ke la pola socio estas klase dividita, en kiu la       supra klaso ekspluatis la salajrularon kaj ne estis tia (kiel       pretendas la oficilia propagandilaro) en kiu la laboristaj       regis per sia avangardo, la Pollanda Komunista Partio.<\/p>\n\n\n\n<p><strong><a href=\"https:\/\/www.worldsocialism.org\/wsm\/solidarnosc-erare-pasis-1989\/\">Read more.. about &#8220;Solidarnosc&#8221; erare pa\u015dis (1989)<\/a><\/strong><\/p>\n\n\n\n<h3 class=\"wp-block-heading\"><a href=\"https:\/\/www.worldsocialism.org\/wsm\/bonvenon\/\">Bonvenon<\/a><\/h3>\n\n\n\n<p>En \u0109iuj mondopartoj, etaj minoritatoj superregas je sia       profito, a\u016d rekte a\u016d per la \u015dtato, la vivrimedojn de Homaro.       Kvankam nun ekzistas la produktofortoj, krudmaterialoj, homaj       energioj kaj scioj kiuj necesas por provizi plenan liberan       vivon por \u0109iuj homoj, oni ne povas tiucele dedi\u0109i ilin en la       nuna socisistemo komerca. \u0108i tiu ege misuzema sociordo estas       kapitalismo. La alternativa sociordo, nia celo, kiun ni nomas       &#8220;socialismo&#8221; a\u016d &#8220;komunismo&#8221;, ankora\u016d ne ekzistas ie ajn. <\/p>\n\n\n\n<p><strong><a href=\"https:\/\/www.worldsocialism.org\/wsm\/bonvenon\/\">Read more.. about Bonvenon<\/a><\/strong><\/p>\n\n\n\n<h3 class=\"wp-block-heading\"><a href=\"https:\/\/www.worldsocialism.org\/wsm\/cu-utopio-au-haoso\/\">\u0108u utopio a\u016d \u0125aoso?<\/a><\/h3>\n\n\n\n<p>                                            Por aboli la militon, la militminacon kaj \u0109iuspecajn       armilarojn, endas, ke \u0109io trovi\u011danta sur kaj en la Tero fari\u011du       komuna hereda\u0135o de la tuta homaro. Tiam la produktado okazos       por la nura kontentigo de la homaj bezonoj, kaj ne plu por la       vendado kaj la profito, kaj tiam ekapliki\u011dos la principo &#8220;de       \u0109iu la\u016d siaj kapabloj, al \u0109iu la\u016d ties bezonoj&#8221;. Alivorte, oni       ne plu mezuros la kontribuon alportitan de \u0109iu individuo al la       produktado (kio cetere jam nuntempe ne eblas, tial ke la       produktada laboro estas jam socialigita, t.e. kolektiva&#8230;<\/p>\n\n\n\n<p><strong><a href=\"https:\/\/www.worldsocialism.org\/wsm\/cu-utopio-au-haoso\/\">Read more.. about \u0108u utopio a\u016d \u0125aoso?<\/a><\/strong><\/p>\n\n\n\n<h3 class=\"wp-block-heading\"><a href=\"https:\/\/www.worldsocialism.org\/wsm\/demandoj-kaj-respondoj\/\">Demandoj kaj respondoj<\/a><\/h3>\n\n\n\n<h3 class=\"wp-block-heading\">Kio kapitalismo estas?<\/h3>\n\n\n\n<p><strong><a href=\"https:\/\/www.worldsocialism.org\/wsm\/demandoj-kaj-respondoj\/\">Read more.. about Demandoj kaj respondoj<\/a><\/strong><\/p>\n\n\n\n<h3 class=\"wp-block-heading\"><a href=\"https:\/\/www.worldsocialism.org\/wsm\/la-komuna-merkato-europa\/\">La komuna merkato e\u016dropa<\/a><\/h3>\n\n\n\n<p>Ni submetas la socialistan proponon, ke la sola solvo al la       hodia\u016daj sociaj problemoj estas la starigo de monda komunumo       sen landlimoj bazita sur komuna posedo kaj demokratia rego de       la rimedoj kiuj produktas kaj distribuas ri\u0109a\u0135ojn, kaj kie       produktado okazas nur pot uzo-ne por vendo a\u016d profito. Sur tiu       bazo la tutmonda produkta ma\u015dinaro povus provizi la abunda\u0135ojn       por kiuj \u011di posedas la teknikan kapablon, sed kiujn \u011di ne povas       provizi char malhelpas \u011din la limigoj de kapitalismo kaj \u011diaj&#8230;<\/p>\n\n\n\n<p><strong><a href=\"https:\/\/www.worldsocialism.org\/wsm\/la-komuna-merkato-europa\/\">Read more.. about La komuna merkato e\u016dropa<\/a><\/strong><\/p>\n\n\n\n<h3 class=\"wp-block-heading\"><a href=\"https:\/\/www.worldsocialism.org\/wsm\/la-mondsocialisma-movado\/\">La Mondsocialisma Movado<\/a><\/h3>\n\n\n\n<p>NI \u0109i tie alparolas vin ne kiel civitanoj de unu lando, sed       kiel mondsocialistoj parolantaj al kunuloj de la laborista       klaso. Nia apelacio bazi\u011das sur la rekono, ke kapitalismo estas       tutmonda, kaj ke la laboristoj de la mondo havas komunan       intereson kune agi por la abolicio de kapitalismo kaj la       starigo de Socialismo&#8230;.<strong><a href=\"https:\/\/www.worldsocialism.org\/wsm\/la-mondsocialisma-movado\/\">Read more..<\/a><\/strong><\/p>\n","protected":false},"excerpt":{"rendered":"<p>&#8220;Solidarnosc&#8221; erare pa\u015dis (1989) &#8220;Solidarnosc&#8221;, e\u0109 ne socialisma organiza\u0135o, tre frue konstatis, ke la pola socio estas klase dividita, en kiu la supra klaso ekspluatis la salajrularon kaj ne estis tia (kiel pretendas la oficilia propagandilaro) en kiu la laboristaj regis per sia avangardo, la Pollanda Komunista Partio. Read more.. about &#8220;Solidarnosc&#8221; erare pa\u015dis (1989)&#8230;<\/p>\n","protected":false},"author":1,"featured_media":0,"parent":0,"menu_order":0,"comment_status":"closed","ping_status":"closed","template":"","meta":{"magazine_newspaper_sidebar_layout":"","footnotes":""},"class_list":["post-1264","page","type-page","status-publish","hentry"],"_links":{"self":[{"href":"https:\/\/www.worldsocialism.org\/wsm\/wp-json\/wp\/v2\/pages\/1264","targetHints":{"allow":["GET"]}}],"collection":[{"href":"https:\/\/www.worldsocialism.org\/wsm\/wp-json\/wp\/v2\/pages"}],"about":[{"href":"https:\/\/www.worldsocialism.org\/wsm\/wp-json\/wp\/v2\/types\/page"}],"author":[{"embeddable":true,"href":"https:\/\/www.worldsocialism.org\/wsm\/wp-json\/wp\/v2\/users\/1"}],"replies":[{"embeddable":true,"href":"https:\/\/www.worldsocialism.org\/wsm\/wp-json\/wp\/v2\/comments?post=1264"}],"version-history":[{"count":2,"href":"https:\/\/www.worldsocialism.org\/wsm\/wp-json\/wp\/v2\/pages\/1264\/revisions"}],"predecessor-version":[{"id":2467,"href":"https:\/\/www.worldsocialism.org\/wsm\/wp-json\/wp\/v2\/pages\/1264\/revisions\/2467"}],"wp:attachment":[{"href":"https:\/\/www.worldsocialism.org\/wsm\/wp-json\/wp\/v2\/media?parent=1264"}],"curies":[{"name":"wp","href":"https:\/\/api.w.org\/{rel}","templated":true}]}}