{"id":1212,"date":"2019-03-13T00:39:16","date_gmt":"2019-03-13T00:39:16","guid":{"rendered":"https:\/\/wsm.prolerat.org\/?page_id=1212"},"modified":"2019-03-13T00:39:16","modified_gmt":"2019-03-13T00:39:16","slug":"capitulo-1-que-es-la-naturaleza-humana","status":"publish","type":"page","link":"https:\/\/www.worldsocialism.org\/wsm\/capitulo-1-que-es-la-naturaleza-humana\/","title":{"rendered":"Cap\u00edtulo 1 &#8211; \u00bfQu\u00e9 es la naturaleza humana?"},"content":{"rendered":"\n<p>Los\nsocialistas desean ver que cobre existencia un nuevo sistema de\nsociedad,\nbasada en la propiedad com\u00fan y en el control democr\u00e1tico de los\nrecursos\nproductivos, ejercido por toda la poblaci\u00f3n; que la producci\u00f3n sea para\nel uso\ny no para el lucro; y que la distribuci\u00f3n se d\u00e9 bajo el principio de\n\u201cde cada\nquien seg\u00fan sus capacidades; a cada quien seg\u00fan sus necesidades\u201d\u2014en una\npalabra, el socialismo. Quienquiera que alguna vez haya argumentado a\nfavor del\nsocialismo seguramente se habr\u00e1 topado con la objeci\u00f3n de que \u201csuena\nbien pero\nnunca funcionar\u00eda porque no se puede cambiar la <strong>naturaleza humana<\/strong>\u201d.\n<\/p>\n\n\n\n<p>Los que hacen\nesta objeci\u00f3n tienen en mente que los seres humanos son por naturaleza\nego\u00edstas\ny rapaces, y quiz\u00e1 tambi\u00e9n agresivos y haraganes. Aunque esas personas\nno lo habr\u00e1n\npensado mucho, si se les insiste sacar\u00e1n a relucir t\u00e9rminos como\n\u201cinnato\u201d,\n\u201cinstintivo\u201d y \u201cen nuestros genes\u201d en relaci\u00f3n con los tipos de\nconducta\nmencionados. Dicho de otro modo, que tales impedimentos se hallan en\nnuestra\nconstituci\u00f3n biol\u00f3gica, aunque algunos simplemente dir\u00edan que, sea cual\nsea la\ncausa, los seres humanos siempre se han comportado de esas nefastas\nmaneras y\npor eso siempre ha sido necesario que sus actos sean regidos por la\nmoralidad y\nlos gobernantes.<\/p>\n\n\n\n<p>Frente a esta\nobjeci\u00f3n, lo primero que hay que hacer es aclarar que entiende el\ninterlocutor\npor \u201cnaturaleza humana\u201d.<\/p>\n\n\n\n<p>Una forma de\nrespuesta ser\u00eda definir sociol\u00f3gicamente la naturaleza humana y decir\nque es\ncomo se comporta el ser humano t\u00edpico en una sociedad particular y en\nun punto\ndado de la historia. Esta forma de respuesta trae consigo el problema\nde que no\nfacilita decidir cu\u00e1l fue o cu\u00e1l es exactamente la naturaleza humana en\nun\nmomento dado. Por otro lado, aun cuando esto fuera dif\u00edcil, seguir\u00eda\nestando\nclaro que la naturaleza humana no es siempre la misma sino que cambia\nde una\nsociedad a otra, en realidad incluso podr\u00eda estar cambiando\nconstantemente.\nRespecto de esta definici\u00f3n la respuesta a la objeci\u00f3n de la naturaleza\nhumana\nser\u00eda \u201cOh s\u00ed, la naturaleza humana puede cambiar; s\u00f3lo \u00e9chale un\nvistazo a la\nhistoria\u201d.<\/p>\n\n\n\n<p>Tal fue en\nefecto la manera como abord\u00f3 el asunto Karl Marx, precursor del\nsocialismo. No\nhay nada err\u00f3neo mientras quede claro que naturaleza humana no se\nrefiere a la\nconstituci\u00f3n biol\u00f3gica de los seres humanos sino a su comportamiento\nt\u00edpico en\ncualquier sociedad. Sin embargo, hoy por hoy es imposible evitar\nreferirse a lo\nque biol\u00f3gicamente son los seres humanos. De ah\u00ed que, seg\u00fan nuestro\npunto de\nvista, sea mejor aclarar desde el principio la distinci\u00f3n entre\nnaturaleza\nhumana determinada biol\u00f3gicamente y comportamiento humano determinado\nsocialmente.<\/p>\n\n\n\n<p>Dicho de otro\nmodo, aceptar el punto de vista de los objetores, de que existe esa\nllamada naturaleza\nhumana biol\u00f3gica pero mostrar, con base en los hallazgos de la\nantropolog\u00eda, la\nbiolog\u00eda, la gen\u00e9tica y la neurociencia, que no hay nada en la\nconstituci\u00f3n\nbiol\u00f3gica de los humanos que les impida vivir en una sociedad\nsocialista, que,\npor el contrario, es parte de la naturaleza biol\u00f3gica de los seres\nhumanos el\nser flexibles y polifac\u00e9ticos en su comportamiento y por tanto ser\ncapaces de\nadoptar comportamientos adecuados a la sociedad en la que se cr\u00edan y\nviven. De\nacuerdo con esta definici\u00f3n, la respuesta a la pregunta sobre la\nnaturaleza\nhumana es \u201cS\u00ed, de acuerdo, la naturaleza humana est\u00e1 fijada y no puede\nser\ncambiada, pero esto no es una barrera contra el socialismo, pues lo que\nhace\nfalta cambiar no es la naturaleza humana sino el comportamiento humano,\ny la\nhistoria ense\u00f1a que \u00e9ste no es fijo sino que puede cambiar\u201d.<\/p>\n\n\n\n<p>Como este es\nnuestro enfoque, en este folleto explicaremos los testimonios de la\ngen\u00e9tica,\nla biolog\u00eda y la antropolog\u00eda en los cuales se basa nuestra conclusi\u00f3n.\nRecurriremos a la teor\u00eda de la evoluci\u00f3n, de Darwin, actualizada a la\nluz de\nlas \u00faltimas investigaciones y tambi\u00e9n bosquejaremos lo que se sabe de\nla\nevoluci\u00f3n de las especies animales con las que los humanos est\u00e1n\nemparentados,\nel <em>Homo sapiens<\/em>,\nantes de refutar las concepciones de los deterministas biol\u00f3gicos que\npretenden\ndemostrar que el socialismo es biol\u00f3gicamente imposible: los\nDarwinistas\nsociales, los llamados \u201cet\u00f3logos pop\u201d de los a\u00f1os sesenta; los\nSociobi\u00f3logos y\nlos que han secuestrado el t\u00e9rmino \u201cPsicolog\u00eda evolutiva.<\/p>\n\n\n\n<p>Si por momentos esto se lee m\u00e1s bien como una\nobra de divulgaci\u00f3n cient\u00edfica que como un folleto pol\u00edtico, ello\nobedece a que\nen cierto sentido s\u00ed lo es, una contribuci\u00f3n a propagar la comprensi\u00f3n\nde la\nnaturaleza de los humanos sobre lo que somos capaces de hacer y qu\u00e9\nclase de\nsociedad somos capaces de lograr.<\/p>\n","protected":false},"excerpt":{"rendered":"<p>Los socialistas desean ver que cobre existencia un nuevo sistema de sociedad, basada en la propiedad com\u00fan y en el control democr\u00e1tico de los recursos productivos, ejercido por toda la poblaci\u00f3n; que la producci\u00f3n sea para el uso y no para el lucro; y que la distribuci\u00f3n se d\u00e9 bajo el principio de \u201cde cada&#8230;<\/p>\n","protected":false},"author":1,"featured_media":0,"parent":0,"menu_order":0,"comment_status":"closed","ping_status":"closed","template":"","meta":{"magazine_newspaper_sidebar_layout":"","footnotes":""},"class_list":["post-1212","page","type-page","status-publish","hentry"],"_links":{"self":[{"href":"https:\/\/www.worldsocialism.org\/wsm\/wp-json\/wp\/v2\/pages\/1212","targetHints":{"allow":["GET"]}}],"collection":[{"href":"https:\/\/www.worldsocialism.org\/wsm\/wp-json\/wp\/v2\/pages"}],"about":[{"href":"https:\/\/www.worldsocialism.org\/wsm\/wp-json\/wp\/v2\/types\/page"}],"author":[{"embeddable":true,"href":"https:\/\/www.worldsocialism.org\/wsm\/wp-json\/wp\/v2\/users\/1"}],"replies":[{"embeddable":true,"href":"https:\/\/www.worldsocialism.org\/wsm\/wp-json\/wp\/v2\/comments?post=1212"}],"version-history":[{"count":0,"href":"https:\/\/www.worldsocialism.org\/wsm\/wp-json\/wp\/v2\/pages\/1212\/revisions"}],"wp:attachment":[{"href":"https:\/\/www.worldsocialism.org\/wsm\/wp-json\/wp\/v2\/media?parent=1212"}],"curies":[{"name":"wp","href":"https:\/\/api.w.org\/{rel}","templated":true}]}}