{"id":1176,"date":"2019-03-12T16:22:25","date_gmt":"2019-03-12T16:22:25","guid":{"rendered":"https:\/\/wsm.prolerat.org\/?page_id=1176"},"modified":"2019-03-12T16:22:25","modified_gmt":"2019-03-12T16:22:25","slug":"espanol-2","status":"publish","type":"page","link":"https:\/\/www.worldsocialism.org\/wsm\/espanol-2\/","title":{"rendered":"Espa\u00f1ol 2"},"content":{"rendered":"\n<h2 class=\"wp-block-heading\"><a href=\"https:\/\/web.archive.org\/web\/20161228013322\/http:\/\/www.worldsocialism.org\/spanish\/la-guerra-fria-se-re-calienta\">LA GUERRA FRIA SE RE-CALIENTA<\/a><\/h2>\n\n\n\n<p>\n              \n      \n          \n  \n  \n    De acuerdo a Clausewitz, general,&nbsp; y estratega militar&nbsp;\ndel siglo 19 ,\nfrecuentemente citado dijo lo siguiente : &#8221; la guerra es la\ncontinuaci\u00f3n de la pol\u00edtica por\notros medios.&#8221;&nbsp; El&nbsp; reciente,&nbsp; breve y brutal conflicto\nen el\nC\u00e1ucaso es otro ejemplo de la&nbsp;&nbsp; naturaleza cotidiana del\ncapitalismo,\nel cual&nbsp;\ncontin\u00faa su poliitca&nbsp; por otros medios. <\/p>\n\n\n\n<p>\nEl conflicto en Osetia del Sur y\nAbjasia, que parece que&nbsp; ha cobrado miles de vidas humanas ,&nbsp;\nha sido una rara\nerupci\u00f3n, sacando hacia la superficie las presiones politicas y\neconomicas que existen por debajo . <\/p>\n\n\n\n<p>\nEstos<a href=\"https:\/\/web.archive.org\/web\/20161228013322\/http:\/\/www.worldsocialism.org\/spanish\/la-guerra-fria-se-re-calienta\"><strong>Read more.. about LA GUERRA FRIA SE RE-CALIENTA<\/strong><\/a><\/p>\n\n\n\n<h2 class=\"wp-block-heading\"><a href=\"https:\/\/web.archive.org\/web\/20161228013322\/http:\/\/www.worldsocialism.org\/spanish\/la-leyenda-de-marx-o-%E2%80%9Cengels-el-fundador%E2%80%9D\">La leyenda de Marx o \u201cEngels el fundador\u201d<\/a><\/h2>\n\n\n\n<p>\n              \n      \n          \n  \n  \n    Fuente: Rubel prepar\u00f3 originalmente su \u201cGesichtspunkte zum thema\n\u2018Engels als Begr\u00fcnder\u2019\u201d como art\u00edculo en alem\u00e1n para la \u201cInternationale\nwissenschaftliche Engels-Konferenz\u201d de mayo de 1970 en Wuppertal, pero\nlo public\u00f3 primero en franc\u00e9s en 1972 como \u201cLa L\u00e9gende de Marx ou\nEngels foundateur\u201d in \u00c9tudes de Marxology, S\u00e9rie S, No. 5. Socialisme:\nScience et Ethique. Esta versi\u00f3n fue traducida del franc\u00e9s por Rob\nLucas para \u201cMarx Myths and Legends\u201d y est\u00e1 cubierto por la Creative\nCommons Attribution-NonComercial-NonDerivatives Licence 2.0.<br>\nNota del autor<\/p>\n\n\n\n<p><a href=\"https:\/\/web.archive.org\/web\/20161228013322\/http:\/\/www.worldsocialism.org\/spanish\/la-leyenda-de-marx-o-%E2%80%9Cengels-el-fundador%E2%80%9D\"><strong>Read more.. about La leyenda de Marx o \u201cEngels el fundador\u201d<\/strong><\/a><\/p>\n\n\n\n<h2 class=\"wp-block-heading\"><a href=\"https:\/\/web.archive.org\/web\/20161228013322\/http:\/\/www.worldsocialism.org\/spanish\/las-mujeres-y-el-socialismo\">Las mujeres y el socialismo<\/a><\/h2>\n\n\n\n<h2 class=\"wp-block-heading\"><em>\u00cdndice<\/em><\/h2>\n\n\n\n<h3 class=\"wp-block-heading\"><a href=\"https:\/\/web.archive.org\/web\/20161228013322\/http:\/\/www.worldsocialism.org\/espa%C3%B1ol?page=2#intro\">Introducci\u00f3n<\/a><\/h3>\n\n\n\n<h3 class=\"wp-block-heading\"><a href=\"https:\/\/web.archive.org\/web\/20161228013322\/http:\/\/www.worldsocialism.org\/espa%C3%B1ol?page=2#Cap%C3%ADtulo_1El_papel_cambiante_de_las\">Cap\u00edtulo 1: El papel cambiante de las\nmujeres<\/a><\/h3>\n\n\n\n<p><a href=\"https:\/\/web.archive.org\/web\/20161228013322\/http:\/\/www.worldsocialism.org\/spanish\/las-mujeres-y-el-socialismo\"><strong>Read more.. about Las mujeres y el socialismo<\/strong><\/a><\/p>\n\n\n\n<h2 class=\"wp-block-heading\"><a href=\"https:\/\/web.archive.org\/web\/20161228013322\/http:\/\/www.worldsocialism.org\/spanish\/lenin-te%C3%B3rico-del-nacionalismo\">Lenin, te\u00f3rico del Nacionalismo<\/a><\/h2>\n\n\n\n<p>\n              \n      \n          \n  \n  \n    La mism\u00edsima noci\u00f3n de Lenin, de que \u201cel imperialismo es la etapa m\u00e1s\nalta del capitalismo\u201d, supone que una naci\u00f3n explota a otra,\nrequiriendo as\u00ed para la naci\u00f3n sometida, un movimiento de \u201cliberaci\u00f3n\nnacional\u201d que llevar\u00eda a las clases trabajadoras de dos distintos\npa\u00edses al juego de masacrarse mutuamente.<br>\nSabemos que, hist\u00f3ricamente, salvo que una clase en particular\nmonopolice los medios de producci\u00f3n y distribuci\u00f3n, y obligue al resto\ndel pueblo a vender su fuerza de trabajo, la producci\u00f3n capitalista no\nes posible.<br><br><a href=\"https:\/\/web.archive.org\/web\/20161228013322\/http:\/\/www.worldsocialism.org\/spanish\/lenin-te%C3%B3rico-del-nacionalismo\"><strong>Read more.. about Lenin, te\u00f3rico del Nacionalismo<\/strong><\/a><\/p>\n\n\n\n<h2 class=\"wp-block-heading\"><a href=\"https:\/\/web.archive.org\/web\/20161228013322\/http:\/\/www.worldsocialism.org\/spanish\/levantar-el-bloqueo\">Levantar el bloqueo <\/a><\/h2>\n\n\n\n<p>\n              \n      \n          \n  \n  \n    Una vez mas trabajadores inocentes han sido asesinados en el Medio\nOriente. El enfrentamiento ocurri\u00f3 cuando organizaciones de socorro\ndesafiaron&nbsp; el bloqueo que ha puesto Israel alrededor de\nGaza,&nbsp; y el estado de Israel decidi\u00f3 usar la fuerza militar como\nel \u00fanico medio para lidiar con la situaci\u00f3n. Los gobiernos siempre\ntratan de mostrar que ellos son diferentes que los terroristas,&nbsp; y\nque ellos tienen valores, y el santurr\u00f3n se lamenta por la perdida de\nvidas humanas, pero nada los separa a ellos, tanto en los medios,\nprop\u00f3sitos y m\u00e9todos que usan.<br><a href=\"https:\/\/web.archive.org\/web\/20161228013322\/http:\/\/www.worldsocialism.org\/spanish\/levantar-el-bloqueo\"><strong>Read more.. about Levantar el bloqueo <\/strong><\/a><\/p>\n\n\n\n<h2 class=\"wp-block-heading\"><a href=\"https:\/\/web.archive.org\/web\/20161228013322\/http:\/\/www.worldsocialism.org\/spanish\/los-economistas-no-son-de-este-planeta\">Los economistas no son de este planeta<\/a><\/h2>\n\n\n\n<p>La mayor\u00eda de los libros de texto\ncontempor\u00e1neos contienen una variaci\u00f3n de la siguiente y famosa\ndefinici\u00f3n de econom\u00eda: ciencia que estudia el comportamiento\nhumano como relaci\u00f3n entre fines y medios escasos que tienen usos\noptativos.<a href=\"https:\/\/web.archive.org\/web\/20161228013322\/http:\/\/www.worldsocialism.org\/spanish\/los-economistas-no-son-de-este-planeta\"><strong>Read more.. about Los economistas no son de este planeta<\/strong><\/a><\/p>\n\n\n\n<h2 class=\"wp-block-heading\"><a href=\"https:\/\/web.archive.org\/web\/20161228013322\/http:\/\/www.worldsocialism.org\/spanish\/los-trabajadores-contra-los-bolcheviques\">Los trabajadores contra los Bolcheviques<\/a><\/h2>\n\n\n\n<p><strong>La Revoluci\u00f3n Rusa en Retroceso,\n1920-24.&nbsp; Los trabajadores Sovi\u00e9ticos&nbsp; y la nueva \u00e9lite\ncomunista.<\/strong><br>\nPor Sim\u00f3n Pirani, Routledge, 2008.<\/p>\n\n\n\n<p>\nUna de las consecuencias de la ca\u00edda del capitalismo de Estado en la\nURSS a principios de los a\u00f1os 90, ha sido&nbsp; la apertura de los\narchivos del antiguo r\u00e9gimen, incluyendo los archivos de la&nbsp;\npolic\u00eda secreta. Este libro es un estudio fascinante, tomando como\nbase&nbsp; los&nbsp; apuntes&nbsp; de las actas de las reuniones de los\nsovi\u00e9ticos,&nbsp;&nbsp; los comit\u00e9s de f\u00e1brica, as\u00ed como tambi\u00e9n&nbsp;<a href=\"https:\/\/web.archive.org\/web\/20161228013322\/http:\/\/www.worldsocialism.org\/spanish\/los-trabajadores-contra-los-bolcheviques\"><strong>Read more.. about Los trabajadores contra los Bolcheviques<\/strong><\/a><\/p>\n\n\n\n<h2 class=\"wp-block-heading\"><a href=\"https:\/\/web.archive.org\/web\/20161228013322\/http:\/\/www.worldsocialism.org\/spanish\/martov-social-dem%C3%B3crata-ruso\">Martov: social-dem\u00f3crata ruso<\/a><\/h2>\n\n\n\n<p>\n              \n      \n          \n  \n  \n    En el Partido Socialista de la Gran\nBreta\u00f1a se recuerda a Martov principalmente por su folleto <em>El\nestado y la revoluci\u00f3n socialista<\/em>, en que hace una l\u00facida\ndemolici\u00f3n de <em>El estado y la Revoluci\u00f3n<\/em> de Lenin. El estudio de\nIsrael Getzler (<em>Martov: a political biography of a Russian social\ndemocrat<\/em> [Martov: biograf\u00eda pol\u00edtica de un social-democr\u00e1ta ruso],\nCambridge University Press, 70s) es la primera biograf\u00eda que se publica\nde este l\u00edder de de los mencheviques. Si bien tiene varios defectos\u2014de\nlos cuales el menor no es el irritante nacionalismo jud\u00edo del autor\u2014,<a href=\"https:\/\/web.archive.org\/web\/20161228013322\/http:\/\/www.worldsocialism.org\/spanish\/martov-social-dem%C3%B3crata-ruso\"><strong>Read more.. about Martov: social-dem\u00f3crata ruso<\/strong><\/a><\/p>\n\n\n\n<h2 class=\"wp-block-heading\"><a href=\"https:\/\/web.archive.org\/web\/20161228013322\/http:\/\/www.worldsocialism.org\/spanish\/no-se%C3%A1-ni-l%C3%ADderes-ni-seguidores\">No se\u00e1is ni l\u00edderes ni seguidores<\/a><\/h2>\n\n\n\n<p>La frase griega &#8220;an-archon&#8221; o &#8220;ausencia de l\u00edderes&#8221; di\u00f3\n      origen a la palabra &#8220;anarqu\u00eda&#8221;. Sin embargo, para la mayor\u00eda de\n      la gente &#8220;anarqu\u00eda&#8221; significa caos, o desorden. Su razonamiento\n      se basa en el supuesto de que sin l\u00edderes no puede existir\n      civilizaci\u00f3n. Nuestro criterio es bien diferente. Tanto los\n      l\u00edderes como los seguidores que los crean son los que nos est\u00e1n\n      impidiendo alcanzar una verdadera civilizaci\u00f3n global. Piensen\n      si no en lo que algunos de estos l\u00edderes han aportado a la\n      humanidad. Hitler, Lenin, Stalin, Pol Pot, Kim Il Sung,<a href=\"https:\/\/web.archive.org\/web\/20161228013322\/http:\/\/www.worldsocialism.org\/spanish\/no-se%C3%A1-ni-l%C3%ADderes-ni-seguidores\"><strong>Read more.. about No se\u00e1is ni l\u00edderes ni seguidores<\/strong><\/a><\/p>\n\n\n\n<h2 class=\"wp-block-heading\"><a href=\"https:\/\/web.archive.org\/web\/20161228013322\/http:\/\/www.worldsocialism.org\/spanish\/partido-socialista-mundial-solicitud-de-afiliaci%C3%B3n\">partido socialista mundial Solicitud de afiliaci\u00f3n<\/a><\/h2>\n\n\n\n<p>                                            \u00a0El Partido Socialista Mundial de Estados Unidos, como partido solidario del Movimiento Socialista Mundial, est\u00e1 comprometido con la abolici\u00f3n inmediata del capitalismo y con el establecimiento de una forma de sociedad socialista, verdaderamente democr\u00e1tica. Consecuentemente, pertenecer al Partido Socialista Mundial requiere de una comprensi\u00f3n general de los principios del socialismo y estar de acuerdo con el Objetivo del movimiento y su Declaraci\u00f3n de Principios. No es probable que llegue a implantarse un sistema mundial de producci\u00f3n destinado a satisfacer las<a href=\"https:\/\/web.archive.org\/web\/20161228013322\/http:\/\/www.worldsocialism.org\/spanish\/partido-socialista-mundial-solicitud-de-afiliaci%C3%B3n\"><strong>Read more..<\/strong><\/a><\/p>\n\n\n\n<h2 class=\"wp-block-heading\"><a href=\"https:\/\/web.archive.org\/web\/20161228010437\/http:\/\/www.worldsocialism.org\/spanish\/paz-en-palestina-es-mucho-mejor-que-la-guerra\">Paz en Palestina es mucho mejor que la guerra<\/a><\/h2>\n\n\n\n<p>\nLa paz es mucho mejor que la guerra, porque las guerras nunca se\nefect\u00faan para defender los intereses de la mayor\u00eda de los seres\nhumanos, y siempre son los despose\u00eddos los que sufren las consecuencia.\nAs\u00ed, que irespectivamente de las cuestiones envueltas y de los t\u00e9rminos\nacordados, los socialistas reciben con benepl\u00e1cito el fin de las\nguerras en todas partes en el mundo entero, Detener los asesinatos de\nseres humanos &nbsp;siempre ha sido nuestro permanente principio.\n&nbsp;\nEn esa sub-division artificial del viejo Imperio Otomano conocido<a href=\"https:\/\/web.archive.org\/web\/20161228010437\/http:\/\/www.worldsocialism.org\/spanish\/paz-en-palestina-es-mucho-mejor-que-la-guerra\"><strong>Read more.. about Paz en Palestina es mucho mejor que la guerra<\/strong><\/a><\/p>\n\n\n\n<h2 class=\"wp-block-heading\"><a href=\"https:\/\/web.archive.org\/web\/20161228010437\/http:\/\/www.worldsocialism.org\/spanish\/preguntas-respondidas-y-formuladas\">Preguntas respondidas -y formuladas<\/a><\/h2>\n\n\n\n<p><em>Con frecuencia se nos pregunta c\u00f3mo responder\u00eda el\n      Socialismo a ciertas situaciones que pudieran surgir en dicha\n      sociedad. \u00bfQu\u00e9 pasar\u00eda con la conducta anti-social o con las\n      personas que se nieguen a trabajar? \u00bfC\u00f3mo distribuir\u00edamos los\n      recursos verdaderamente escasos? Y muchas m\u00e1s.<\/em><\/p>\n\n\n\n<p>Puesto que nuestra definici\u00f3n de socialismo es tan diferente\n      a la usada por algunos adversarios y otros que tambi\u00e9n profesan\n      ser socialistas, necesitamos un vuelco grande de imaginaci\u00f3n<a href=\"https:\/\/web.archive.org\/web\/20161228010437\/http:\/\/www.worldsocialism.org\/spanish\/preguntas-respondidas-y-formuladas\"><strong>Read more.. about Preguntas respondidas -y formuladas<\/strong><\/a><\/p>\n\n\n\n<h2 class=\"wp-block-heading\"><a href=\"https:\/\/web.archive.org\/web\/20161228010437\/http:\/\/www.worldsocialism.org\/spanish\/sentando-los-fundamentos\">Sentando  los fundamentos<\/a><\/h2>\n\n\n\n<p>\n              \n      \n          \n  \n  \n    Trabajadores en contra de Lenin. La protesta de los obreros, y&nbsp;\nla\nDictadura de los Bolcheviques,&nbsp; 1920-22. Aves de Jonathan Aves. IB Taurus.<\/p>\n\n\n\n<p>\nUn tal&nbsp; llamado&nbsp; Estado Obrero que oprime a los trabajadores\nno fue&nbsp; una cuesti\u00f3n&nbsp;&nbsp; que ocurri\u00f3 solamente durante el\nperiodo de Stalin. Tambi\u00e9n aconteci\u00f3 durante&nbsp; el liderazgo de\nVladimir Lenin y&nbsp; Le\u00f3n Trotsky, de hecho,&nbsp; ellos fueron&nbsp;\nlos que sentaron las bases para que&nbsp; la dictadura Estalinista se\nreforzara m\u00e1s tarde.<\/p>\n\n\n\n<p>\nEn el&nbsp; 1920 la Guerra Civil&nbsp; hab\u00eda terminado,&nbsp; y las<a href=\"https:\/\/web.archive.org\/web\/20161228010437\/http:\/\/www.worldsocialism.org\/spanish\/sentando-los-fundamentos\"><strong>Read more.. about Sentando  los fundamentos<\/strong><\/a><\/p>\n\n\n\n<h2 class=\"wp-block-heading\"><a href=\"https:\/\/web.archive.org\/web\/20161228010437\/http:\/\/www.worldsocialism.org\/spanish\/tecnolog%C3%AD-de-la-informaci%C3%B3n-y-socialismo\">Tecnolog\u00eda de la informaci\u00f3n y socialismo<\/a><\/h2>\n\n\n\n<p><em>El socialismo ser\u00e1 una sociedad\nbasada en la producci\u00f3n para el uso. \u00bfPero qu\u00e9 significa esto? \u00bfComo\npodr\u00eda trabajar esto y que papel desempe\u00f1ar\u00eda la tecnolog\u00eda de la\ninformaci\u00f3n en el socialismo?<\/em><\/p>\n\n\n\n<p>Al describir la nueva sociedad por la\nque estamos trabajando, a nosotros los socialistas con frecuencia nos\npreguntan \u201c\u00bfC\u00f3mo funcionar\u00e1 eso?\u201d Quienes preguntan suponen las m\u00e1s de\nlas veces que s\u00f3lo con un sistema de dinero y precios pueden\n\u201cfuncionar\u201d las cosas; que las cosas s\u00f3lo ocurren, sin ninguna\nnecesidad de que ellos participen.<a href=\"https:\/\/web.archive.org\/web\/20161228010437\/http:\/\/www.worldsocialism.org\/spanish\/tecnolog%C3%AD-de-la-informaci%C3%B3n-y-socialismo\"><strong>Read more.. about Tecnolog\u00eda de la informaci\u00f3n y socialismo<\/strong><\/a><\/p>\n\n\n\n<h2 class=\"wp-block-heading\"><a href=\"https:\/\/web.archive.org\/web\/20161228010437\/http:\/\/www.worldsocialism.org\/spanish\/una-sociedad-dividida-en-dos-clases-sociales\">Una sociedad dividida en dos clases sociales<\/a><\/h2>\n\n\n\n<p>\n              \n      \n          \n  \n  \n    Si usted le pregunta a un soci\u00f3logo moderno de cu\u00e1ntas clases sociales\nexisten en nuestra sociedad. Ellos contestar\u00edan que son seis, o tal vez\ntres, o doce, o cualquier otro n\u00famero que tenga en su fantas\u00eda. Existen\nmuchas definiciones de lo que es una clase social. Por lo general esas\ndefiniciones son falsas e in\u00fatiles<br><br><\/p>\n\n\n\n<h3 class=\"wp-block-heading\">Una respuesta m\u00e1s \u00fatil<\/h3>\n\n\n\n<p>\nNuestra sociedad se divide en dos clases. Hay una clase trabajadora, y\nuna clase capitalista. La clase obrera tiene que trabajar para ganarse\nla vida, la clase capitalista tiene suficiente riquezas para vivir sin<a href=\"https:\/\/web.archive.org\/web\/20161228010437\/http:\/\/www.worldsocialism.org\/spanish\/una-sociedad-dividida-en-dos-clases-sociales\"><strong>Read more.. about Una sociedad dividida en dos clases sociales<\/strong><\/a><\/p>\n\n\n\n<h2 class=\"wp-block-heading\"><a href=\"https:\/\/web.archive.org\/web\/20161228010437\/http:\/\/www.worldsocialism.org\/spanish\/utop%C3%AD-socialista-%C2%BFproyecto-realizable-o-sue%C3%B1o-inaccesible\">Utop\u00eda Socialista: \u00bfProyecto Realizable O Sue\u00f1o Inaccesible?<\/a><\/h2>\n\n\n\n<p>\nEl t\u00e9rmino utop\u00eda encuentra su origen en una novela de Tom\u00e1s Moro, un\nlejano precursor ingl\u00e9s del socialismo. Esa obra, publicada en el a\u00f1o\n1518, fue escrita en reacci\u00f3n a la miseria que reinaba en los grandes\ncentros urbanos de Inglaterra entre los campesinos echados de sus\ntierras por el desarrollo de la gran propiedad agr\u00edcola y por los\nprogresos de la naciente industria textil. Describe detalladamente la\nvida en una isla imaginaria e \u201cid\u00edlica\u201d (pero con una organizaci\u00f3n\nestrictamente jerarquizada, apoyada en la explotaci\u00f3n de los esclavos<a href=\"https:\/\/web.archive.org\/web\/20161228010437\/http:\/\/www.worldsocialism.org\/spanish\/utop%C3%AD-socialista-%C2%BFproyecto-realizable-o-sue%C3%B1o-inaccesible\"><strong>Read more.. about Utop\u00eda Socialista: \u00bfProyecto Realizable O Sue\u00f1o Inaccesible?<\/strong><\/a><\/p>\n\n\n\n<h2 class=\"wp-block-heading\"><a href=\"https:\/\/web.archive.org\/web\/20161228010437\/http:\/\/www.worldsocialism.org\/spanish\/%C2%BFde-d%C3%B3nde-vienen-las-ganancias\">\u00bfDe d\u00f3nde vienen las ganancias?<\/a><\/h2>\n\n\n\n<p>\n              \n      \n          \n  \n  \n    El sult\u00e1n de\nBrun\u00e9i es uno de los hombres m\u00e1s ricos del mundo. La enorme superficie\nde\ntierra, tecnolog\u00eda y otras propiedades de que es due\u00f1o le producen\nbeneficios\ngigantescos. \u00bfPero de d\u00f3nde provienen sus beneficios y la riqueza de\notros como\n\u00e9l?\n<\/p>\n\n\n\n<h2 class=\"wp-block-heading\">\u00bfDe d\u00f3nde vienen las\nganancias?<\/h2>\n\n\n\n<p>S\u00ed, los\nbeneficios, ganancias o utilidades desempe\u00f1an un papel clave en la\noperaci\u00f3n de\nsistema de mercado (\u00bfPor qu\u00e9 la ganancia es prioritaria?), \u00bfpero en\nd\u00f3nde se<a href=\"https:\/\/web.archive.org\/web\/20161228010437\/http:\/\/www.worldsocialism.org\/spanish\/%C2%BFde-d%C3%B3nde-vienen-las-ganancias\"><strong>Read more.. about \u00bfDe d\u00f3nde vienen las ganancias?<\/strong><\/a><\/p>\n\n\n\n<h2 class=\"wp-block-heading\"><a href=\"https:\/\/web.archive.org\/web\/20161228010437\/http:\/\/www.worldsocialism.org\/spanish\/%C2%BFgobierno-o-democracia\">\u00bfGobierno o democracia?<\/a><\/h2>\n\n\n\n<p><em>\u00bfDebemos votar en un nuevo\ngobierno? \u00bfO debemos enlazarnos con la lucha para anunciar una sociedad\ndemocr\u00e1tica?<\/em><a href=\"https:\/\/web.archive.org\/web\/20161228010437\/http:\/\/www.worldsocialism.org\/spanish\/%C2%BFgobierno-o-democracia\"><strong>Read more.. about \u00bfGobierno o democracia?<\/strong><\/a><\/p>\n\n\n\n<h2 class=\"wp-block-heading\"><a href=\"https:\/\/web.archive.org\/web\/20161228010437\/http:\/\/www.worldsocialism.org\/spanish\/%C2%BFnaci%C3%B3n-o-clase\">\u00bfNaci\u00f3n o Clase?<\/a><\/h2>\n\n\n\n<p>\n&nbsp;\nEl nacionalismo ha sido siempre uno de los grandes venenos para la\nclase trabajadora. Ha servido para dividir a los trabajadores entre\ndistintos estados nacionales, no s\u00f3lo de modo literal, sino\nideol\u00f3gicamente. Hoy en d\u00eda, probablemente sea justo decir que una\nmayor\u00eda de los trabajadores \u2013en mayor o menor medida- se alinean a\nnivel dom\u00e9stico con sus respectivas clases dominantes. Despu\u00e9s de todo,\nla ideolog\u00eda del nacionalismo significa, en ultima instancia, que\ntrabajadores y capitalistas que viven en un \u00e1rea geogr\u00e1fica particular,\ndeben tener un inter\u00e9s com\u00fan.<\/p>\n\n\n\n<p><a href=\"https:\/\/web.archive.org\/web\/20161228010437\/http:\/\/www.worldsocialism.org\/spanish\/%C2%BFnaci%C3%B3n-o-clase\"><strong>Read more.. about \u00bfNaci\u00f3n o Clase?<\/strong><\/a><\/p>\n\n\n\n<h2 class=\"wp-block-heading\"><a href=\"https:\/\/web.archive.org\/web\/20161228010437\/http:\/\/www.worldsocialism.org\/spanish\/%C2%BFpor-qu%C3%A9-las-utilidades-tienen-prioridad\">\u00bfPor qu\u00e9 las utilidades tienen prioridad?<\/a><\/h2>\n\n\n\n<p>As\u00ed los partidarios como los opositores del sistema capitalista concuerdan en un punto: la importancia central de las utilidades para la manera como el sistema opera. Veamos, pues, qu\u00e9 son las utilidades y por qu\u00e9 tienen prioridad.<a href=\"https:\/\/web.archive.org\/web\/20161228010437\/http:\/\/www.worldsocialism.org\/spanish\/%C2%BFpor-qu%C3%A9-las-utilidades-tienen-prioridad\"><strong>Read more..<\/strong><\/a><\/p>\n\n\n\n<h2 class=\"wp-block-heading\"><a href=\"https:\/\/web.archive.org\/web\/20161227190020\/http:\/\/www.worldsocialism.org\/spanish\/%C2%BFque-se-ha-de-hacer\">\u00bfQUE SE HA DE HACER?<\/a><\/h2>\n\n\n\n<p>\n              \n      \n          \n  \n  \n    ESTO NO ES  \n\n\n      <\/p>\n\n\n\n<p><strong>&#8211; un mensaje religioso.<\/strong> <strong>&#8211; un ruego\n      para conseguir votos.<\/strong> <strong>&#8211; un truco para\n      vender.<\/strong><\/p>\n\n\n\n<p>En realidad, no queremos nada de ti.<\/p>\n\n\n\n<p>Pero lo que s\u00ed queremos es expresar nuestro punto de vista\n      para que lo estudies.<\/p>\n\n\n\n<p>Quisi\u00e9ramos que considerases las siguientes\n      contradicciones:<\/p>\n\n\n\n<p>Se produce tanta comida en el mundo que millones de\n      toneladas se tiran, se queman o se vuelven a arar en la\n      tierra.<a href=\"https:\/\/web.archive.org\/web\/20161227190020\/http:\/\/www.worldsocialism.org\/spanish\/%C2%BFque-se-ha-de-hacer\"><strong>Read more.. about \u00bfQUE SE HA DE HACER?<\/strong><\/a><\/p>\n\n\n\n<h2 class=\"wp-block-heading\"><a href=\"https:\/\/web.archive.org\/web\/20161227190020\/http:\/\/www.worldsocialism.org\/spanish\/%C2%BFva-el-socialismo-en-contra-de-la-naturaleza-humana\">\u00bfVa el socialismo en contra de la naturaleza humana?<\/a><\/h2>\n\n\n\n<p>\u00bfCu\u00e1ntas veces no o\u00edmos \u201cAs\u00ed es la\nnaturaleza\nhumana\u201d? Y las m\u00e1s de las veces aplicada la frase a una conducta\nantisocial,\nqueriendo decir que \u00e9sta es algo que no puede evitarse. Lo curioso es\nque la\nfrase no se pronuncie ante las mejores cosas que la gente puede hacer.\nAl o\u00edr\nque alguien acaba de arriesgar su vida para salvar a otro, qui\u00e9n sabe\npor qu\u00e9\nno nos sentimos inclinados a decir lo mismo: \u201cAs\u00ed es la naturaleza\nhumana\u201d. Y\ns\u00ed, es la naturaleza humana.<a href=\"https:\/\/web.archive.org\/web\/20161227190020\/http:\/\/www.worldsocialism.org\/spanish\/%C2%BFva-el-socialismo-en-contra-de-la-naturaleza-humana\"><strong>Read more..<\/strong><\/a><\/p>\n","protected":false},"excerpt":{"rendered":"<p>LA GUERRA FRIA SE RE-CALIENTA De acuerdo a Clausewitz, general,&nbsp; y estratega militar&nbsp; del siglo 19 , frecuentemente citado dijo lo siguiente : &#8221; la guerra es la continuaci\u00f3n de la pol\u00edtica por otros medios.&#8221;&nbsp; El&nbsp; reciente,&nbsp; breve y brutal conflicto en el C\u00e1ucaso es otro ejemplo de la&nbsp;&nbsp; naturaleza cotidiana del capitalismo, el cual&nbsp;&#8230;<\/p>\n","protected":false},"author":1,"featured_media":0,"parent":0,"menu_order":0,"comment_status":"closed","ping_status":"closed","template":"","meta":{"magazine_newspaper_sidebar_layout":"","footnotes":""},"class_list":["post-1176","page","type-page","status-publish","hentry"],"_links":{"self":[{"href":"https:\/\/www.worldsocialism.org\/wsm\/wp-json\/wp\/v2\/pages\/1176","targetHints":{"allow":["GET"]}}],"collection":[{"href":"https:\/\/www.worldsocialism.org\/wsm\/wp-json\/wp\/v2\/pages"}],"about":[{"href":"https:\/\/www.worldsocialism.org\/wsm\/wp-json\/wp\/v2\/types\/page"}],"author":[{"embeddable":true,"href":"https:\/\/www.worldsocialism.org\/wsm\/wp-json\/wp\/v2\/users\/1"}],"replies":[{"embeddable":true,"href":"https:\/\/www.worldsocialism.org\/wsm\/wp-json\/wp\/v2\/comments?post=1176"}],"version-history":[{"count":0,"href":"https:\/\/www.worldsocialism.org\/wsm\/wp-json\/wp\/v2\/pages\/1176\/revisions"}],"wp:attachment":[{"href":"https:\/\/www.worldsocialism.org\/wsm\/wp-json\/wp\/v2\/media?parent=1176"}],"curies":[{"name":"wp","href":"https:\/\/api.w.org\/{rel}","templated":true}]}}