{"id":1147,"date":"2019-03-12T15:21:02","date_gmt":"2019-03-12T15:21:02","guid":{"rendered":"https:\/\/wsm.prolerat.org\/?page_id=1147"},"modified":"2019-03-12T15:21:02","modified_gmt":"2019-03-12T15:21:02","slug":"die-solidarische-gesellschaft-das-unbekannte-wesen","status":"publish","type":"page","link":"https:\/\/www.worldsocialism.org\/wsm\/die-solidarische-gesellschaft-das-unbekannte-wesen\/","title":{"rendered":"Die solidarische Gesellschaft, das unbekannte Wesen"},"content":{"rendered":"\n<p>Wenn jemand in der egoistischen Gesellschaft der Gegenwart\n      von einer solidarischen Gesellschaft spricht, wird er oft nur\n      ein Kopfnicken ernten. &#8220;Ich wei\u00df, es soll weider einmal f\u00fcr ein\n      paar arme Hunde gesammelt werden! Das h\u00e4ngt mir schon beim\n      Halse heraus und ich bin deshalb sehr skeptisch solchen Dingen\n      gegen\u00fcber.&#8221; Wenn dann ein Sozialist zu erkl\u00e4ren beginnt, da\u00df\n      die solidarische Gesellschaft (klassisch Sozialismus genannt)\n      etwas v\u00f6llig anderes ist als es die Bettelmania unserer Tage\n      jemals sein wird, dann erntet er ungl\u00e4ubiges Staunen. Was sagt\n      dieser Mensch? Wenn wir nur wollen, dann werden wir in einer\n      geldlosen Welt leben, in der jeder einfach in ein Magazin geht\n      und sich holt was er ben\u00f6tigt, in der es kein Heer, keine\n      Polizeitruppen, keine Banken und B\u00f6rsen und auch keine\n      Staatsgrenzen geben wird. Es ist klar, da\u00df ein solcher Mensch\n      mit solchen Aussagen in Kauf nehmen mu\u00df, da\u00df er als Wirrkopf\n      oder Utopist betrachtet wird. Wir verstehen das, denn Leuten\n      die, wie oben geschildert, nur eine nebulose oder v\u00f6llig\n      verdrehte Vorstellung von einer solidarischen Gesellschaft\n      haben, mu\u00df nat\u00fcrlich selbst der einfachste Vorgang, die\n      einfachste L\u00f6sung, v\u00f6llig verr\u00fcckt vorkommen.<\/p>\n\n\n\n<p>Aber Sozialisten, vom Wissen und der Gesinnung her, meinen\n      exakt das was sie sagen. Mehr noch, sie sind in der Lage zu\n      beweisen, nicht nur da\u00df eine solche Gesellschaft m\u00f6glich ist,\n      sondern da\u00df sie die einzige menschenw\u00fcrdige L\u00f6sung f\u00fcr die\n      Probleme der Gegenwart darstellt. Politik hat f\u00fcr uns eine\n      v\u00f6llig andere Bedeutung als f\u00fcr die Parteien des Kapitals von\n      ganz links bis ganz rechts. Wir behaupten, da\u00df alle\n      gegenw\u00e4rtigen Probleme, wie Kriege, Umweltverschmutzung,\n      Rassismus, Verbrechen der schlimmsten Art, Rohstoffvergeudung,\n      Wohnbauspekulation und nicht zuletzt die Arbeitslosigkeit,\n      nicht durch Regierungen oder bestimmte F\u00fchrer verursacht\n      werden, sondern aus der Art erwachsen, in der die menschliche\n      Welt weltweit organisiert ist.<\/p>\n\n\n\n<p><strong>Charakteristika<\/strong><\/p>\n\n\n\n<p>Das heutige System, wir nennen es das kapitalistische, ist\n      charakterisiert durch die Tatsache, da\u00df die wesentlichen\n      n\u00f6tigen Mittel zur G\u00fcterproduktion, also Produktionsanlagen,\n      der gesamte Verkehrskomplex, die Bergwerke und sonstigen\n      Rohstoffquellen in den H\u00e4nden von kaum 5% der Weltbev\u00f6lkerung\n      sind. Diese Minorit\u00e4t umfa\u00dft sowohl Privatunternehmen als auch\n      die Herren, die da und dort, \u00fcber die Staatsindustrien\n      verf\u00fcgen. Gemeinsam ist ihnen allen, da\u00df sie G\u00fcter und\n      Dienstleistungen nur unter der Bedingung bereitstellen, da\u00df sie\n      maximalen Profit einheimsen k\u00f6nnen. Das ist der wesentliche\n      Grund daf\u00fcr, da\u00df man den \u00fcbrigen 90 bis 95% der Weltbev\u00f6lkerung\n      die Bedingungen aufzwingen kann unter denen sie arbeiten und\n      leben k\u00f6nnen! Daraus resultieren alle die schwerwiegenden\n      Probleme des gesellschaftlichen Lebens.<\/p>\n\n\n\n<p>Wer diese wesentliche Grundtatsache begreift, da\u00df n\u00e4mlich\n      die ganze Gesellschaft der Profitmaschinerie unterworfen ist,\n      der bringt schon eine Voraussetzung zum Verst\u00e4ndnis unseres\n      Anliegens mit. Er wird verstehen, da\u00df entgegen dem st\u00e4ndigen\n      Quasseln der Berufspolitiker, in dieser Gesellschaft der Profit\n      viel wichtiger sein mu\u00df, als irgendein Anliegen menschlicher\n      Natur. Er wird verstehen, da\u00df jegliche Partei, die das\n      kapitalistische System anerkennt, wieder nur im Interesse\n      dieses Systems t\u00e4tig werden kann. Wer kennt es. nicht, das\n      st\u00e4ndige Gejammer \u00fcber die Sachzw\u00e4nge!<\/p>\n\n\n\n<p>Die Alternative dazu, die solidarische Gesellschaft ist noch\n      in keinem Land der Erde verwirklicht. Wir Sozialisten treten\n      f\u00fcr die weltweite Zusammenarbeit der V\u00f6lker ein, auf der\n      Grundlage der Freiwilligkeit und der demokratischen Kontrolle.\n      Wir behaupten, und jedermann kann das \u00fcberpr\u00fcfen, da\u00df die\n      technischen Mittel l\u00e4ngst einen Stand erreicht haben, der es\n      uns erlaubt, die Rohstoffquellen der Erde in sparsamster Weise\n      so zu verwenden, da\u00df sie f\u00fcr jedermann eine zufriedenstellende\n      Versorgung mit Lebensmitteln, im weitesten Sinne des Wortes,\n      garantiert. Ein Mindestma\u00df an Anstrengungen, das f\u00fcr alle\n      Mitglieder der Gemeinschaft Verpflichtung ist, wird ein\n      H\u00f6chstma\u00df an Zufriedenheit, an Lebensfreude schaffen.<\/p>\n\n\n\n<p>Der Kapitalismus beruht vorwiegend auf der Knappheit der\n      Mittel. Diese Knappheit wird im Interesse des Profites, unter\n      anderem, durch die r\u00fccksichtslose Vergeudung von Menschenleben\n      und Rohstoffen aufrechterhalten. F\u00fchrertum<\/p>\n\n\n\n<p><strong>Ma\u00dfvo\u00dfer Uberflu\u00df<\/strong><\/p>\n\n\n\n<p>Die solidarische Gesellschaft basiert auf einem System, in\n      dem ma\u00dfvoller Uberflu\u00df kennzeichnend ist. Es ist klar, da\u00df\n      unter solchen Bedingungen der ganze Vorgang von Kaufen und\n      Verkaufen hinf\u00e4llig wird. Armut, Streiks, B\u00f6rsenkrachs,\n      Wirtschaftskrisen und barbarische Kriege werden nur mehr in\n      Geschichtsb\u00fcchern zu finden sein. Das Streben nach\n      bestm\u00f6glichsten Produktionsergebnissen unter immer besseren\n      menschlichen Bedingungen, wird die Grundlage f\u00fcr die T\u00e4tigkeit\n      aller in der Produktion, in Wissenschaft und Forschung\n      eingesetzten Menschen sein.<\/p>\n\n\n\n<p>Auf dieser Basis kann man ein Gemeinwesen aufbauen, in dem\n      alle Zweige von Kunst und Kultur bl\u00fchen k\u00f6nnen. Die\n      Jugenderziehung wird ebenso von frischen Ideen durchflutet wie\n      das Schulwesen in seiner Gesamtheit. Der ganze\n      Gesundheitsbereich wird aus der muffgen Enge des Gelddenkens\n      herausgef\u00fchrt und zum Wohle aller Glieder der Gemeinschaft voll\n      und ganz der Humanitas gewidmet.<\/p>\n\n\n\n<p>Unter solchen Voraussetzungen werden nicht Ha\u00df und Neid,\n      sondern Zufriedenheit und Stolz die Frauen und M\u00e4nner erf\u00fcllen,\n      wenn sie die Werke des menschlichen Geistes betrachten\n      werden.<\/p>\n\n\n\n<p>Nicht gro\u00dfe F\u00fchrer, sondern gro\u00dfe Menschen brauchen wir!<\/p>\n\n\n\n<p>Wer zu einer solidarischen Gesellschaft strebt, braucht\n      keine F\u00fchrer. Das F\u00fchrertum bedingt Gef\u00fchrte und das immer in\n      dem Sinne, da\u00df sie ihr Leben lang an der Nase herumgef\u00fchrt\n      werden. F\u00fcr uns ist die Demokratie nicht eine einfache Methode\n      um das Volk zu beschwindeln und letztlich immer wieder um die\n      Fr\u00fcchte seines Flei\u00dfes zu bringen. Wir trachten weder nach\n      pers\u00f6nlicher noch nach Cliquen-Macht. Wir wollen nicht, da\u00df\n      sich irgendeine Minderheit, wie die Maden im Speck, auf\n      Kostenanderer vollfri\u00dft.<\/p>\n\n\n\n<p>Unser Ziel ist die solidarische Gesellschaft, auch als\n      Sozialismus bezeichnet. Das bedeutet, da\u00df mit der Aufhebung des\n      miserablen Klassenstatus der Arbeiterklasse die\n      Klassengesellschaft \u00fcberhaupt gesprengt wird. Und das nicht\n      erst l0, 20 oder 100 Jahre nach dem sich die Menschen frei\n      entschieden haben die Ausbeutung des Menschen durch den\n      Menschen aufzuheben, sondern unmittelbar danach. Alles andere\n      ist Schwindel!<\/p>\n\n\n\n<p>Wir sind \u00fcberzeugt davon, da\u00df weder die Anbetung von\n      G\u00f6ttern, irgendwelchen Symbolen oder Glaubenss\u00e4tzen noch das\n      v\u00f6llig unbegr\u00fcndete Vertrauen in erleuchtete F\u00fchrer der\n      Menschheit n\u00fctzen kann. Wir sind auch keine Nationalisten.\n      Unsere Einstellung ist gekennzeichnet durch die Losung: Eine\n      Welt, eine Menschheit, Sozialis mus! Das verpflichtet uns zur\n      Treue gegen\u00fcber den 90% der Weltbev\u00f6lkerung, die ebenso wie\n      wir, Opfer von Herrschaft und Ausbeutung sind. Von dieser\n      Grundeinstellung k\u00f6nnen Sozialisten nicht abgehen. Deshalb\n      stehen sie in Opposition gegen\u00fcber allen Gruppierungen, die das\n      Profitsystemin seinen verschiedenen Varianten und\n      Entwicklungsstufen unterst\u00fctzen!<\/p>\n\n\n\n<p>Wir sind ein Teil des arbeitenden Volkes. Wollen wir leben,\n      m\u00fcssen wir unsere geistigen und k\u00f6rperlichen Kr\u00e4fte verkaufen,\n      wie die Mehrheit der Weltbev\u00f6lkerung. Wir kennen den\n      Kapitalismus vom meist bitteren Ende her. Wir geh\u00f6ren nicht zu\n      den Priviligierten dieses Systems, die im allgemeinen in den\n      anderen Lebenwesen nur den unvermeidlichen Kostenfaktor sehen,\n      der geeignet eingesetzt oder auch ausgeschaltet werden mu\u00df, um\n      Profite und damit die Privilegien zu garantieren.<\/p>\n\n\n\n<p>Manche unserer Mitb\u00fcger halten uns f\u00fcr Utopisten. Das kommt\n      nicht daher, da\u00df unsere Ideen ungut sind, sondern daher da\u00df die\n      Verteidiger des menschenfeindlichen Profitsystems \u00fcber eine\n      riesige Vernebelungsmaschinerie verf\u00fcgen, die Tag und Nacht die\n      Menschen an der klaren Sicht der Dinge hindern.<\/p>\n\n\n\n<p>H\u00f6ren Sie auf uns, diskutieren Sie mit uns. Zweifeln Sie an\n      dem was wir und was andere Ihnen sagen, aber vergessen Sie\n      eines nicht: die Entscheidung liegt nur bei Ihnen.<\/p>\n\n\n\n<p>Der Sozialismus ist die einfachste Sache der Welt. Er beruht\n      auf der freiwilligen Arbeit aller Mitglieder der Gesellschaft\n      und garantiert den freien Zugang zu den Fr\u00fcchten dieser Arbeit.\n      Es ist klar, da\u00df solch ein System nur funktionieren kann, wenn\n      es sich auf den bewu\u00dft zum Ausdruck gebrachten Willen der\n      Mehrheit der Mitglieder der Gesellschaft st\u00fctzen kann. Es gibt\n      kein besseres Mittel als die geheime Abstimmung, um diesen\n      Willen festzustellen. Deshalb gilt es, so rasch und so\n      zahlreich als m\u00f6glich, Listen aufzustellen, die eine eindeutige\n      Entscheidung f\u00fcr Kapitalismus oder Sozialismus erlauben.<\/p>\n\n\n\n<p>Helft mit, die einfachste Sache der Welt zu verwirklichen.\n      Eure Mitarbeit kann durch nichts ersetzt werden!<\/p>\n","protected":false},"excerpt":{"rendered":"<p>Wenn jemand in der egoistischen Gesellschaft der Gegenwart von einer solidarischen Gesellschaft spricht, wird er oft nur ein Kopfnicken ernten. &#8220;Ich wei\u00df, es soll weider einmal f\u00fcr ein paar arme Hunde gesammelt werden! Das h\u00e4ngt mir schon beim Halse heraus und ich bin deshalb sehr skeptisch solchen Dingen gegen\u00fcber.&#8221; Wenn dann ein Sozialist zu erkl\u00e4ren&#8230;<\/p>\n","protected":false},"author":1,"featured_media":0,"parent":0,"menu_order":0,"comment_status":"closed","ping_status":"closed","template":"","meta":{"magazine_newspaper_sidebar_layout":"","footnotes":""},"class_list":["post-1147","page","type-page","status-publish","hentry"],"_links":{"self":[{"href":"https:\/\/www.worldsocialism.org\/wsm\/wp-json\/wp\/v2\/pages\/1147","targetHints":{"allow":["GET"]}}],"collection":[{"href":"https:\/\/www.worldsocialism.org\/wsm\/wp-json\/wp\/v2\/pages"}],"about":[{"href":"https:\/\/www.worldsocialism.org\/wsm\/wp-json\/wp\/v2\/types\/page"}],"author":[{"embeddable":true,"href":"https:\/\/www.worldsocialism.org\/wsm\/wp-json\/wp\/v2\/users\/1"}],"replies":[{"embeddable":true,"href":"https:\/\/www.worldsocialism.org\/wsm\/wp-json\/wp\/v2\/comments?post=1147"}],"version-history":[{"count":0,"href":"https:\/\/www.worldsocialism.org\/wsm\/wp-json\/wp\/v2\/pages\/1147\/revisions"}],"wp:attachment":[{"href":"https:\/\/www.worldsocialism.org\/wsm\/wp-json\/wp\/v2\/media?parent=1147"}],"curies":[{"name":"wp","href":"https:\/\/api.w.org\/{rel}","templated":true}]}}