{"id":1142,"date":"2019-03-12T15:15:27","date_gmt":"2019-03-12T15:15:27","guid":{"rendered":"https:\/\/wsm.prolerat.org\/?page_id=1142"},"modified":"2019-03-12T15:15:27","modified_gmt":"2019-03-12T15:15:27","slug":"anmerkungen-der-sozialistischen-partei-zur-europawahl-2009","status":"publish","type":"page","link":"https:\/\/www.worldsocialism.org\/wsm\/anmerkungen-der-sozialistischen-partei-zur-europawahl-2009\/","title":{"rendered":"Anmerkungen der Sozialistischen Partei zur Europawahl 2009"},"content":{"rendered":"\n<p>Wahrscheinlich wirst du schon etwas \u00fcber die Wahlen zum\nEurop\u00e4ischen Parlament geh\u00f6rt haben, der gr\u00f6\u00dften\nWahl in Europa, die es bislang gegeben hat. Denn in den 27 Staaten der\nEurop\u00e4ischen Union leben 500 Millionen Menschen. Du bist\naufgerufen, zwischen dem 4. und 7. Juni diejenigen aus dem Kreis der\n\u201epolitischen Elite\u201c deines Wahlbezirks zu w\u00e4hlen, die ihre Ferien\nin Br\u00fcssel und Strassburg werden verbringen k\u00f6nnen. Auf deine\nKosten, versteht sich. <\/p>\n\n\n\n<p>\nDie Machthaber sind aber derzeit ein wenig in Sorge, ob du\n\u00fcberhaupt von ihren Argumenten und ihrem Wahlspektakel\ngen\u00fcgend angetan sein wirst, um zur Wahl zu gehen. Sie\nbef\u00fcrchten, dass du zu Hause bleibst. Schande \u00fcber Dich!<\/p>\n\n\n\n<p>\nUm dir deutlich zu machen, warum das alles so wichtig, oder eher\nunwichtig ist, k\u00f6nnten wir dir ein paar Hinweise darauf geben, in\nwelchen Bereichen in der letzten Zeit das Europ\u00e4ische Parlament\ndein Leben ver\u00e4nderte (in der englischsprachigen Version tun wir\nes auch): Aber das Ergebnis ist, dass es dabei nichts Wichtiges\naufzuz\u00e4hlen gibt, daher lassen wir es hier bei dieser Feststellung\nbewenden.<\/p>\n\n\n\n<p>\nInsbesondere wenn du auf die so genannten \u201cSozialleistungen\u201d angewiesen\noder \u201earbeitslos\u201c, also mittellos, bist, oder wenn dich die vielen\nProblemen plagen, mit denen Lohnabh\u00e4ngige, auch und gerade wenn\nsie \u201eArbeit haben\u201c, st\u00e4ndig konfrontiert sind, dann hast du\nwirklich keinen Grund, zur Wahl zu gehen und einen dieser \u00fcblichen\nKandidaten der Linken, der Rechten oder der Mitte zu w\u00e4hlen.<\/p>\n\n\n\n<p>\nTatsache ist, dass das Spektakel der Eurowahl nicht aufgef\u00fchrt\nwird, um irgendetwas Gutes f\u00fcr DICH zu tun. Es dient dazu, die\nherrschenden Eliten des Kapitals davon abzuhalten, \u00fcbereinander\nherzufallen, also gegeneinander in Europa Krieg zu f\u00fchren, wie sie\ndas in der Geschichte, mehr als einmal, taten. Wir erinnern nur an den\nErsten und den Zweiten Weltkrieg. <\/p>\n\n\n\n<p>\nObwohl es nat\u00fcrlich eine gute Idee ist, Kriege zu vermeiden &#8211; denn\nes sind Arbeiterinnen und Arbeiter, die an dessen Folgen am Meisten zu\nleiden haben &#8211; ist es mitnichten dieser \u201eWohlfahrtsaspekt\u201c, der eine\nRolle spielen w\u00fcrde. Die eigentliche Motivation ist hingegen die\nAngst des Kapitals, zu viel Geld f\u00fcr die Kriegsf\u00fchrung\nausgeben zu m\u00fcssen. Die kapitalistischen Eliten wollen zwar alle\n(mehr als) satt werden, aber ohne unn\u00f6tigerweise Gefahr zu laufen,\nim Maul und zwischen den Z\u00e4hnen ihrer Konkurrenten zu enden. Es\ngeht &#8211; wer h\u00e4tte das gedacht \u2013 um Profit und Geld. Und daran wird\nsich auch nichts \u00e4ndern, solange der Kapitalismus und das Geld\nbestehen bleiben. Abgesehen davon ist der kapitalistische Friede \u2013\nglobal betrachtet \u2013 immer nur ein Zwischenzustand, denn kapitalistische\nKonkurrenz und Kriege geh\u00f6ren zusammen.<\/p>\n\n\n\n<p>\nVielleicht denkst du ja wirklich angesichts der Wirtschafts- und\nFinanzkrise, dass der Kapitalismus f\u00fcr dich nichts tut,\nau\u00dfer dass er dich zu seinem Lohnsklaven macht, dessen einzige\nanerkannte Existenzberechtigung darin besteht, die Reichen noch reicher\nzu machen. Wenn aber die Kandidaten in deinem Wahlkreis dies nicht so\nklar und deutlich sehen und es aussprechen, warum solltest du einen von\nihnen w\u00e4hlen? <\/p>\n\n\n\n<p> Es ist besser, wenigstens im Stillen etwas zu sagen oder zu schreiben, als vollkommen schweigend und unt\u00e4tig zu verharren. Insofern solltest du zur Wahl gehen, dann aber \u201eung\u00fcltig\u201c stimmen, zum Beispiel dadurch, dass du auf den Wahlzettel \u201eAbschaffung des Geldes und des Kapitalismus\u201c oder \u201eWeltsozialismus \u2013 gemeinschaftliches Eigentum und gleichberechtigte Kontrolle\u201c schreibst. Danach besuche unsere Webseite <a href=\"https:\/\/worldsocialism.org\">www.worldsocialism.org<\/a>, auf der du Leute treffen wirst, die \u00e4hnlich denken, wie du.<\/p>\n\n\n\n<p>\nWir meinen, dass es durchaus sinnvoll ist, eine Wahl zu treffen, auch\nwenn es bei der Europawahl niemanden gibt, der es Wert w\u00e4re,\ngew\u00e4hlt zu werden. <\/p>\n","protected":false},"excerpt":{"rendered":"<p>Wahrscheinlich wirst du schon etwas \u00fcber die Wahlen zum Europ\u00e4ischen Parlament geh\u00f6rt haben, der gr\u00f6\u00dften Wahl in Europa, die es bislang gegeben hat. Denn in den 27 Staaten der Europ\u00e4ischen Union leben 500 Millionen Menschen. Du bist aufgerufen, zwischen dem 4. und 7. Juni diejenigen aus dem Kreis der \u201epolitischen Elite\u201c deines Wahlbezirks zu w\u00e4hlen,&#8230;<\/p>\n","protected":false},"author":1,"featured_media":0,"parent":0,"menu_order":0,"comment_status":"closed","ping_status":"closed","template":"","meta":{"magazine_newspaper_sidebar_layout":"","footnotes":""},"class_list":["post-1142","page","type-page","status-publish","hentry"],"_links":{"self":[{"href":"https:\/\/www.worldsocialism.org\/wsm\/wp-json\/wp\/v2\/pages\/1142","targetHints":{"allow":["GET"]}}],"collection":[{"href":"https:\/\/www.worldsocialism.org\/wsm\/wp-json\/wp\/v2\/pages"}],"about":[{"href":"https:\/\/www.worldsocialism.org\/wsm\/wp-json\/wp\/v2\/types\/page"}],"author":[{"embeddable":true,"href":"https:\/\/www.worldsocialism.org\/wsm\/wp-json\/wp\/v2\/users\/1"}],"replies":[{"embeddable":true,"href":"https:\/\/www.worldsocialism.org\/wsm\/wp-json\/wp\/v2\/comments?post=1142"}],"version-history":[{"count":0,"href":"https:\/\/www.worldsocialism.org\/wsm\/wp-json\/wp\/v2\/pages\/1142\/revisions"}],"wp:attachment":[{"href":"https:\/\/www.worldsocialism.org\/wsm\/wp-json\/wp\/v2\/media?parent=1142"}],"curies":[{"name":"wp","href":"https:\/\/api.w.org\/{rel}","templated":true}]}}