{"id":1138,"date":"2019-03-12T15:12:59","date_gmt":"2019-03-12T15:12:59","guid":{"rendered":"https:\/\/wsm.prolerat.org\/?page_id=1138"},"modified":"2020-07-05T12:52:14","modified_gmt":"2020-07-05T11:52:14","slug":"deutsch","status":"publish","type":"page","link":"https:\/\/www.worldsocialism.org\/wsm\/deutsch\/","title":{"rendered":"Deutsch"},"content":{"rendered":"\n<h2 class=\"wp-block-heading\"><a href=\"https:\/\/www.worldsocialism.org\/wsm\/anmerkungen-der-sozialistischen-partei-zur-europawahl-2009\/\">Anmerkungen der Sozialistischen Partei zur Europawahl 2009<\/a><\/h2>\n\n\n\n<p>\n              \n      \n          \n  \n  \n    Wahrscheinlich wirst du schon etwas \u00fcber die Wahlen zum\nEurop\u00e4ischen Parlament geh\u00f6rt haben, der gr\u00f6\u00dften\nWahl in Europa, die es bislang gegeben hat. Denn in den 27 Staaten der\nEurop\u00e4ischen Union leben 500 Millionen Menschen. Du bist\naufgerufen, zwischen dem 4. und 7. Juni diejenigen aus dem Kreis der\n\u201epolitischen Elite\u201c deines Wahlbezirks zu w\u00e4hlen, die ihre Ferien\nin Br\u00fcssel und Strassburg werden verbringen k\u00f6nnen. Auf deine\nKosten, versteht sich. <\/p>\n\n\n\n<p> Die Machthaber sind aber derzeit ein wenig in Sorge, ob du \u00fcberhaupt von ihren Argumenten und ihrem Wahlspektakel&#8230;<\/p>\n\n\n\n<p><a href=\"https:\/\/www.worldsocialism.org\/wsm\/anmerkungen-der-sozialistischen-partei-zur-europawahl-2009\/\">Weiterlesen <strong>><\/strong><\/a><\/p>\n\n\n\n<h2 class=\"wp-block-heading\"><a href=\"https:\/\/www.worldsocialism.org\/wsm\/die-solidarische-gesellschaft-das-unbekannte-wesen\/\">Die solidarische Gesellschaft, das unbekannte Wesen<\/a><\/h2>\n\n\n\n<p>Wenn jemand in der egoistischen Gesellschaft der Gegenwart       von einer solidarischen Gesellschaft spricht, wird er oft nur       ein Kopfnicken ernten. &#8220;Ich wei\u00df, es soll weider einmal f\u00fcr ein       paar arme Hunde gesammelt werden! Das h\u00e4ngt mir schon beim       Halse heraus und ich bin deshalb sehr skeptisch solchen Dingen       gegen\u00fcber.&#8221; Wenn dann ein Sozialist zu erkl\u00e4ren beginnt, da\u00df       die solidarische Gesellschaft (klassisch Sozialismus genannt)       etwas v\u00f6llig anderes ist als es die Bettelmania unserer Tage..<\/p>\n\n\n\n<p><a href=\"https:\/\/www.worldsocialism.org\/wsm\/die-solidarische-gesellschaft-das-unbekannte-wesen\/\">Weiterlesen<strong> ><\/strong><\/a><\/p>\n\n\n\n<h2 class=\"wp-block-heading\"><a href=\"https:\/\/www.worldsocialism.org\/wsm\/europaischer-kapitalismus-oder-weltweiter-sozialismus\/\">Europ\u00e4ischer Kapitalismus oder weltweiter Sozialismus?<\/a><\/h2>\n\n\n\n<p>Wahlberechtigte aus 25 europ\u00e4ischen L\u00e4ndern sind im Juni zur       Wahl des Europ\u00e4ischen Parlaments aufgerufen. Eine gro\u00dfe Zahl       unterschiedlicher Parteien steht zur Auswahl: Christdemokraten,       Liberale, Sozialdemokraten, Gr\u00fcne, Nationalisten, Rassisten,       Faschisten. Aber auch Ex-&#8220;Kommunisten&#8221;, Trotzkisten und andere       Linke, die von sich selbst behaupten, Sozialisten zu sein.       Jedoch treten alle diese Parteien &#8211; in der einen oder anderen       Form &#8211; f\u00fcr die Fortf\u00fchrung des kapitalistischen Systems ein.       Das hei\u00dft unter anderem, f\u00fcr das private oder staatliche&#8230;<\/p>\n\n\n\n<p><a href=\"https:\/\/www.worldsocialism.org\/wsm\/europaischer-kapitalismus-oder-weltweiter-sozialismus\/\">Weiterlesen<\/a> ><\/p>\n\n\n\n<h2 class=\"wp-block-heading\"><a href=\"https:\/\/www.worldsocialism.org\/wsm\/kinderkram\/\">Kinderkram<\/a><\/h2>\n\n\n\n<p>S\u00e4hest Du einen kleinen Jungen in einem Abwassergraben       sterben, w\u00fcrdest Du einfach weiter gehen und ihn ignorieren?       W\u00fcrdest Du ihn nicht wenigstens in ein Krankenhaus oder zu       einem Arzt bringen? Wahrscheinlich bist Du weder der       tugendhafteste und menschenfreundlichste, noch der unsozialste       Mensch der Welt. Also, was t\u00e4test Du: Vorbeigehen und das Kind       ignorieren, oder ihm helfen?..<\/p>\n\n\n\n<p><a href=\"https:\/\/www.worldsocialism.org\/wsm\/kinderkram\/\">Weiterlesen<strong> <\/strong><\/a>><\/p>\n\n\n\n<h2 class=\"wp-block-heading\"><a href=\"https:\/\/www.worldsocialism.org\/wsm\/marktwirtschaft\/\">Marktwirtschaft<\/a><\/h2>\n\n\n\n<p>Die Marktwirtschaft wird hoch gepriesen. Um die Massen       einzuschl\u00e4fern, bekommt sie auch noch den Zusatz: soziale       Marktwirtschaft. Wie sozial diese Wirtschaft und ihre       politischen Vertreter sind, ist zur Zeit bestens zu studieren.       Die schamlosen Bez\u00fcge der politischen Leiter in verschiedenen       Arbeiter- und Sozialinstitutionen werden zum Anla\u00df genommen, um       massiv der Zerschlagung solcher Institutionen das Wort zu       reden. Eine willf\u00e4hrige Presse tr\u00e4gt das Ihrige dazu bei&#8230;.<\/p>\n\n\n\n<pre class=\"wp-block-preformatted\"><a href=\"https:\/\/www.worldsocialism.org\/wsm\/marktwirtschaft\/\">Weiterlesen<strong>><\/strong><\/a><\/pre>\n\n\n\n<h2 class=\"wp-block-heading\"><a href=\"https:\/\/www.worldsocialism.org\/wsm\/weltsozialismus\/\">Weltsozialismus<\/a><\/h2>\n\n\n\n<p>Wir leben in einer Welt des Reichtums. Die Produktivit\u00e4t ist       in allen wirtschaftlichen Sektoren, in der Industrie, genauso,       wie in der Landwirtschaft, immens. Die       Weltgesundheitsorganisation (WHO) stellte k\u00fcrzlich fest: &#8220;Im       Vergleich zu der noch nicht allzulange zur\u00fcckliegenden       Vergangenheit leben wir heute in einer Welt des       \u00dcberflusses.&#8221;<a href=\"https:\/\/www.worldsocialism.org\/wsm\/weltsozialismus\/\">Weiterlesen<\/a> ><\/p>\n\n\n\n<p><\/p>\n\n\n\n<pre class=\"wp-block-preformatted\"><\/pre>\n\n\n\n<p><\/p>\n\n\n\n<h2 class=\"wp-block-heading\"><a href=\"https:\/\/www.worldsocialism.org\/wsm\/die-probleme-der-heutigen-gesellschaft-und-ihre-ursache-1949\/\">Die Probleme der heutigen Gesellschaft und ihre Ursache. (1949)<\/a><\/h2>\n\n\n\n<p>An die Arbeiter Oesterreichs !<\/p>\n\n\n\n<p>Ein Gespenst geht um in der Weit: das Gespenst des III. Weitkrieges (oder soil man sagen : des II Atombombenkrieges ?) Gewiss, es ist nicht die einzige Bedr\u00e4ngnis der heutigen Menschheit. Krieg ist nur eines der Probleme, die aus der gegenw\u00e4rtigen Gesellschaftsordnung entspringen. Es ist wahr, dass es in seiner Wirkung das grauenhafteste von allen ist, aber es ist nichtsdestoweniger untrennbar verbunden mit allen anderen, wie Armut und Existenzunsicherheit, die Millionen von Arbeiterheimen in allen Landern st\u00e4ndig mit dem Gespenst einer Familienkatastrophe bedrohen. Auch diese Probleme sind die <em>logische Folge der kapitalistischen Gesellschaft, <\/em>in welcher die Erzeugung und Verteilung der Lebensnotwendigkeiten nicht nach den Bed\u00fcrfnissen der Menschen erfolgt, sondern von den Bed\u00fcrfnissen des konkurrierenden Marktes beherrscht wird und abh\u00e4ngig ist.  <a href=\"https:\/\/www.worldsocialism.org\/wsm\/die-probleme-der-heutigen-gesellschaft-und-ihre-ursache-1949\/\">Weiterlesen ><\/a><\/p>\n\n\n\n<p><\/p>\n","protected":false},"excerpt":{"rendered":"<p>Anmerkungen der Sozialistischen Partei zur Europawahl 2009 Wahrscheinlich wirst du schon etwas \u00fcber die Wahlen zum Europ\u00e4ischen Parlament geh\u00f6rt haben, der gr\u00f6\u00dften Wahl in Europa, die es bislang gegeben hat. Denn in den 27 Staaten der Europ\u00e4ischen Union leben 500 Millionen Menschen. Du bist aufgerufen, zwischen dem 4. und 7. Juni diejenigen aus dem Kreis&#8230;<\/p>\n","protected":false},"author":1,"featured_media":0,"parent":0,"menu_order":0,"comment_status":"closed","ping_status":"closed","template":"","meta":{"magazine_newspaper_sidebar_layout":"","footnotes":""},"class_list":["post-1138","page","type-page","status-publish","hentry"],"_links":{"self":[{"href":"https:\/\/www.worldsocialism.org\/wsm\/wp-json\/wp\/v2\/pages\/1138","targetHints":{"allow":["GET"]}}],"collection":[{"href":"https:\/\/www.worldsocialism.org\/wsm\/wp-json\/wp\/v2\/pages"}],"about":[{"href":"https:\/\/www.worldsocialism.org\/wsm\/wp-json\/wp\/v2\/types\/page"}],"author":[{"embeddable":true,"href":"https:\/\/www.worldsocialism.org\/wsm\/wp-json\/wp\/v2\/users\/1"}],"replies":[{"embeddable":true,"href":"https:\/\/www.worldsocialism.org\/wsm\/wp-json\/wp\/v2\/comments?post=1138"}],"version-history":[{"count":3,"href":"https:\/\/www.worldsocialism.org\/wsm\/wp-json\/wp\/v2\/pages\/1138\/revisions"}],"predecessor-version":[{"id":3108,"href":"https:\/\/www.worldsocialism.org\/wsm\/wp-json\/wp\/v2\/pages\/1138\/revisions\/3108"}],"wp:attachment":[{"href":"https:\/\/www.worldsocialism.org\/wsm\/wp-json\/wp\/v2\/media?parent=1138"}],"curies":[{"name":"wp","href":"https:\/\/api.w.org\/{rel}","templated":true}]}}